{"id":9534,"date":"2026-01-20T15:46:19","date_gmt":"2026-01-20T14:46:19","guid":{"rendered":"https:\/\/www.scalesi.fr\/?page_id=9534"},"modified":"2026-03-23T09:49:14","modified_gmt":"2026-03-23T08:49:14","slug":"formations","status":"publish","type":"page","link":"https:\/\/www.scalesi.fr\/index.php\/formations\/","title":{"rendered":"Formations"},"content":{"rendered":"\t\t<div data-elementor-type=\"wp-page\" data-elementor-id=\"9534\" class=\"elementor elementor-9534\">\n\t\t\t\t<div class=\"elementor-element elementor-element-f0c5453 e-flex e-con-boxed e-con e-parent\" data-id=\"f0c5453\" data-element_type=\"container\" data-e-type=\"container\">\n\t\t\t\t\t<div class=\"e-con-inner\">\n\t\t\t\t<div class=\"elementor-element elementor-element-8ed170b elementor-widget elementor-widget-heading\" data-id=\"8ed170b\" data-element_type=\"widget\" data-e-type=\"widget\" data-widget_type=\"heading.default\">\n\t\t\t\t<div class=\"elementor-widget-container\">\n\t\t\t\t\t<h2 class=\"elementor-heading-title elementor-size-default\">DES FORMATIONS ADAPT\u00c9ES ET QUALIFI\u00c9ES<\/h2>\t\t\t\t<\/div>\n\t\t\t\t<\/div>\n\t\t\t\t<div class=\"elementor-element elementor-element-c7a8883 elementor-widget elementor-widget-spacer\" data-id=\"c7a8883\" data-element_type=\"widget\" data-e-type=\"widget\" data-widget_type=\"spacer.default\">\n\t\t\t\t<div class=\"elementor-widget-container\">\n\t\t\t\t\t\t\t<div class=\"elementor-spacer\">\n\t\t\t<div class=\"elementor-spacer-inner\"><\/div>\n\t\t<\/div>\n\t\t\t\t\t\t<\/div>\n\t\t\t\t<\/div>\n\t\t\t\t\t<\/div>\n\t\t\t\t<\/div>\n\t\t<div class=\"elementor-element elementor-element-a942dee e-grid e-con-boxed e-con e-parent\" data-id=\"a942dee\" data-element_type=\"container\" data-e-type=\"container\">\n\t\t\t\t\t<div class=\"e-con-inner\">\n\t\t\t\t<div class=\"elementor-element elementor-element-94ca213 elementor-widget elementor-widget-heading\" data-id=\"94ca213\" data-element_type=\"widget\" data-e-type=\"widget\" data-widget_type=\"heading.default\">\n\t\t\t\t<div class=\"elementor-widget-container\">\n\t\t\t\t\t<h2 class=\"elementor-heading-title elementor-size-default\">Ma\u00eetrisez l'IA en<br>2 jours<br><\/h2>\t\t\t\t<\/div>\n\t\t\t\t<\/div>\n\t\t\t\t<div class=\"elementor-element elementor-element-5d9da96 ekit-equal-height-enable elementor-widget elementor-widget-elementskit-icon-box\" data-id=\"5d9da96\" data-element_type=\"widget\" data-e-type=\"widget\" data-widget_type=\"elementskit-icon-box.default\">\n\t\t\t\t<div class=\"elementor-widget-container\">\n\t\t\t\t\t<div class=\"ekit-wid-con\" >        <!-- link opening -->\n                <!-- end link opening -->\n\n        <div class=\"elementskit-infobox text-center text- icon-top-align elementor-animation-   \">\n                    <div class=\"elementskit-box-header elementor-animation-\">\n                <div class=\"elementskit-info-box-icon  \">\n                    <svg aria-hidden=\"true\" class=\"elementkit-infobox-icon e-font-icon-svg e-fas-lightbulb\" viewBox=\"0 0 352 512\" xmlns=\"http:\/\/www.w3.org\/2000\/svg\"><path d=\"M96.06 454.35c.01 6.29 1.87 12.45 5.36 17.69l17.09 25.69a31.99 31.99 0 0 0 26.64 14.28h61.71a31.99 31.99 0 0 0 26.64-14.28l17.09-25.69a31.989 31.989 0 0 0 5.36-17.69l.04-38.35H96.01l.05 38.35zM0 176c0 44.37 16.45 84.85 43.56 115.78 16.52 18.85 42.36 58.23 52.21 91.45.04.26.07.52.11.78h160.24c.04-.26.07-.51.11-.78 9.85-33.22 35.69-72.6 52.21-91.45C335.55 260.85 352 220.37 352 176 352 78.61 272.91-.3 175.45 0 73.44.31 0 82.97 0 176zm176-80c-44.11 0-80 35.89-80 80 0 8.84-7.16 16-16 16s-16-7.16-16-16c0-61.76 50.24-112 112-112 8.84 0 16 7.16 16 16s-7.16 16-16 16z\"><\/path><\/svg>\n                <\/div>\n          <\/div>\n                        <div class=\"box-body\">\n                            <h3 class=\"elementskit-info-box-title\">\n                    D\u00e9mystifier l&#039;IA                <\/h3>\n                        \t\t  \t<p>Comprenez enfin comment \u00e7a marche, sans formules math\u00e9matiques. Vous pourrez expliquer l'IA \u00e0 n'importe qui en 2 minutes chrono.\n<\/p>\n                                <\/div>\n        \n        \n                <\/div>\n        <\/div>\t\t\t\t<\/div>\n\t\t\t\t<\/div>\n\t\t\t\t<div class=\"elementor-element elementor-element-7f5e3ef ekit-equal-height-enable elementor-widget elementor-widget-elementskit-icon-box\" data-id=\"7f5e3ef\" data-element_type=\"widget\" data-e-type=\"widget\" data-widget_type=\"elementskit-icon-box.default\">\n\t\t\t\t<div class=\"elementor-widget-container\">\n\t\t\t\t\t<div class=\"ekit-wid-con\" >        <!-- link opening -->\n                <!-- end link opening -->\n\n        <div class=\"elementskit-infobox text-center text- icon-top-align elementor-animation-   \">\n                    <div class=\"elementskit-box-header elementor-animation-\">\n                <div class=\"elementskit-info-box-icon  \">\n                    <svg aria-hidden=\"true\" class=\"elementkit-infobox-icon e-font-icon-svg e-fas-microphone\" viewBox=\"0 0 352 512\" xmlns=\"http:\/\/www.w3.org\/2000\/svg\"><path d=\"M176 352c53.02 0 96-42.98 96-96V96c0-53.02-42.98-96-96-96S80 42.98 80 96v160c0 53.02 42.98 96 96 96zm160-160h-16c-8.84 0-16 7.16-16 16v48c0 74.8-64.49 134.82-140.79 127.38C96.71 376.89 48 317.11 48 250.3V208c0-8.84-7.16-16-16-16H16c-8.84 0-16 7.16-16 16v40.16c0 89.64 63.97 169.55 152 181.69V464H96c-8.84 0-16 7.16-16 16v16c0 8.84 7.16 16 16 16h160c8.84 0 16-7.16 16-16v-16c0-8.84-7.16-16-16-16h-56v-33.77C285.71 418.47 352 344.9 352 256v-48c0-8.84-7.16-16-16-16z\"><\/path><\/svg>\n                <\/div>\n          <\/div>\n                        <div class=\"box-body\">\n                            <h3 class=\"elementskit-info-box-title\">\n                    Dialoguer avec les IA                <\/h3>\n                        \t\t  \t<p>Ma\u00eetrisez ChatGPT et autres chatbots comme un pro. Obtenez exactement ce que vous voulez, \u00e0 chaque fois.\n<\/p>\n                                <\/div>\n        \n        \n                <\/div>\n        <\/div>\t\t\t\t<\/div>\n\t\t\t\t<\/div>\n\t\t\t\t<div class=\"elementor-element elementor-element-e63b22f elementor-widget elementor-widget-spacer\" data-id=\"e63b22f\" data-element_type=\"widget\" data-e-type=\"widget\" data-widget_type=\"spacer.default\">\n\t\t\t\t<div class=\"elementor-widget-container\">\n\t\t\t\t\t\t\t<div class=\"elementor-spacer\">\n\t\t\t<div class=\"elementor-spacer-inner\"><\/div>\n\t\t<\/div>\n\t\t\t\t\t\t<\/div>\n\t\t\t\t<\/div>\n\t\t\t\t<div class=\"elementor-element elementor-element-5cdb1ef elementor-widget elementor-widget-image\" data-id=\"5cdb1ef\" data-element_type=\"widget\" data-e-type=\"widget\" data-widget_type=\"image.default\">\n\t\t\t\t<div class=\"elementor-widget-container\">\n\t\t\t\t\t\t\t\t\t\t\t\t\t\t\t<img fetchpriority=\"high\" decoding=\"async\" width=\"634\" height=\"339\" src=\"https:\/\/www.scalesi.fr\/wp-content\/uploads\/2026\/01\/Logo-Qualiopi-300dpi-Avec-Marianne.jpeg\" class=\"attachment-large size-large wp-image-9540\" alt=\"\" srcset=\"https:\/\/www.scalesi.fr\/wp-content\/uploads\/2026\/01\/Logo-Qualiopi-300dpi-Avec-Marianne.jpeg 634w, https:\/\/www.scalesi.fr\/wp-content\/uploads\/2026\/01\/Logo-Qualiopi-300dpi-Avec-Marianne-300x160.jpeg 300w\" sizes=\"(max-width: 634px) 100vw, 634px\" \/>\t\t\t\t\t\t\t\t\t\t\t\t\t\t\t<\/div>\n\t\t\t\t<\/div>\n\t\t\t\t<div class=\"elementor-element elementor-element-184e063 ekit-equal-height-enable elementor-widget elementor-widget-elementskit-icon-box\" data-id=\"184e063\" data-element_type=\"widget\" data-e-type=\"widget\" data-widget_type=\"elementskit-icon-box.default\">\n\t\t\t\t<div class=\"elementor-widget-container\">\n\t\t\t\t\t<div class=\"ekit-wid-con\" >        <!-- link opening -->\n                <!-- end link opening -->\n\n        <div class=\"elementskit-infobox text-center text- icon-top-align elementor-animation-   \">\n                    <div class=\"elementskit-box-header elementor-animation-\">\n                <div class=\"elementskit-info-box-icon  \">\n                    <svg aria-hidden=\"true\" class=\"elementkit-infobox-icon e-font-icon-svg e-fas-pen\" viewBox=\"0 0 512 512\" xmlns=\"http:\/\/www.w3.org\/2000\/svg\"><path d=\"M290.74 93.24l128.02 128.02-277.99 277.99-114.14 12.6C11.35 513.54-1.56 500.62.14 485.34l12.7-114.22 277.9-277.88zm207.2-19.06l-60.11-60.11c-18.75-18.75-49.16-18.75-67.91 0l-56.55 56.55 128.02 128.02 56.55-56.55c18.75-18.76 18.75-49.16 0-67.91z\"><\/path><\/svg>\n                <\/div>\n          <\/div>\n                        <div class=\"box-body\">\n                            <h3 class=\"elementskit-info-box-title\">\n                    \u00c9crire des prompts magiques                <\/h3>\n                        \t\t  \t<p>D\u00e9couvrez la m\u00e9thode secr\u00e8te pour r\u00e9diger des prompts qui donnent des r\u00e9sultats bluffants : r\u00e9sum\u00e9s, emails, analyses et bien plus.<\/p>\n                                <\/div>\n        \n        \n                <\/div>\n        <\/div>\t\t\t\t<\/div>\n\t\t\t\t<\/div>\n\t\t\t\t<div class=\"elementor-element elementor-element-04582ab ekit-equal-height-enable elementor-widget elementor-widget-elementskit-icon-box\" data-id=\"04582ab\" data-element_type=\"widget\" data-e-type=\"widget\" data-widget_type=\"elementskit-icon-box.default\">\n\t\t\t\t<div class=\"elementor-widget-container\">\n\t\t\t\t\t<div class=\"ekit-wid-con\" >        <!-- link opening -->\n                <!-- end link opening -->\n\n        <div class=\"elementskit-infobox text-center text- icon-top-align elementor-animation-   \">\n                    <div class=\"elementskit-box-header elementor-animation-\">\n                <div class=\"elementskit-info-box-icon  \">\n                    <i aria-hidden=\"true\" class=\"elementkit-infobox-icon icon icon-shield\"><\/i>\n                <\/div>\n          <\/div>\n                        <div class=\"box-body\">\n                            <h3 class=\"elementskit-info-box-title\">\n                    D\u00e9tecter les pi\u00e8ges                <\/h3>\n                        \t\t  \t<p>Rep\u00e9rez les erreurs, biais et hallucinations. Prot\u00e9gez vos donn\u00e9es sensibles et utilisez l'IA en toute s\u00e9curit\u00e9.\n<\/p>\n                                <\/div>\n        \n        \n                <\/div>\n        <\/div>\t\t\t\t<\/div>\n\t\t\t\t<\/div>\n\t\t\t\t<div class=\"elementor-element elementor-element-8957b61 elementor-align-center elementor-widget elementor-widget-button\" data-id=\"8957b61\" data-element_type=\"widget\" data-e-type=\"widget\" data-widget_type=\"button.default\">\n\t\t\t\t<div class=\"elementor-widget-container\">\n\t\t\t\t\t\t\t\t\t<div class=\"elementor-button-wrapper\">\n\t\t\t\t\t<a class=\"elementor-button elementor-button-link elementor-size-sm\" href=\"https:\/\/www.picktime.com\/0aee04c6-d654-4a63-9b60-352a1f89626f#book\">\n\t\t\t\t\t\t<span class=\"elementor-button-content-wrapper\">\n\t\t\t\t\t\t<span class=\"elementor-button-icon\">\n\t\t\t\t<svg aria-hidden=\"true\" class=\"e-font-icon-svg e-far-calendar-check\" viewBox=\"0 0 448 512\" xmlns=\"http:\/\/www.w3.org\/2000\/svg\"><path d=\"M400 64h-48V12c0-6.627-5.373-12-12-12h-40c-6.627 0-12 5.373-12 12v52H160V12c0-6.627-5.373-12-12-12h-40c-6.627 0-12 5.373-12 12v52H48C21.49 64 0 85.49 0 112v352c0 26.51 21.49 48 48 48h352c26.51 0 48-21.49 48-48V112c0-26.51-21.49-48-48-48zm-6 400H54a6 6 0 0 1-6-6V160h352v298a6 6 0 0 1-6 6zm-52.849-200.65L198.842 404.519c-4.705 4.667-12.303 4.637-16.971-.068l-75.091-75.699c-4.667-4.705-4.637-12.303.068-16.971l22.719-22.536c4.705-4.667 12.303-4.637 16.97.069l44.104 44.461 111.072-110.181c4.705-4.667 12.303-4.637 16.971.068l22.536 22.718c4.667 4.705 4.636 12.303-.069 16.97z\"><\/path><\/svg>\t\t\t<\/span>\n\t\t\t\t\t\t\t\t\t<span class=\"elementor-button-text\">R\u00e9servez d\u00e8s maintenant<\/span>\n\t\t\t\t\t<\/span>\n\t\t\t\t\t<\/a>\n\t\t\t\t<\/div>\n\t\t\t\t\t\t\t\t<\/div>\n\t\t\t\t<\/div>\n\t\t\t\t\t<\/div>\n\t\t\t\t<\/div>\n\t\t<div class=\"elementor-element elementor-element-4be1e17 e-flex e-con-boxed e-con e-parent\" data-id=\"4be1e17\" data-element_type=\"container\" data-e-type=\"container\">\n\t\t\t\t\t<div class=\"e-con-inner\">\n\t\t\t\t<div class=\"elementor-element elementor-element-a2aeff6 elementor-widget elementor-widget-spacer\" data-id=\"a2aeff6\" data-element_type=\"widget\" data-e-type=\"widget\" data-widget_type=\"spacer.default\">\n\t\t\t\t<div class=\"elementor-widget-container\">\n\t\t\t\t\t\t\t<div class=\"elementor-spacer\">\n\t\t\t<div class=\"elementor-spacer-inner\"><\/div>\n\t\t<\/div>\n\t\t\t\t\t\t<\/div>\n\t\t\t\t<\/div>\n\t\t\t\t<div class=\"elementor-element elementor-element-18e3f4e elementor-widget elementor-widget-heading\" data-id=\"18e3f4e\" data-element_type=\"widget\" data-e-type=\"widget\" data-widget_type=\"heading.default\">\n\t\t\t\t<div class=\"elementor-widget-container\">\n\t\t\t\t\t<h3 class=\"elementor-heading-title elementor-size-default\">FAQ<\/h3>\t\t\t\t<\/div>\n\t\t\t\t<\/div>\n\t\t\t\t<div class=\"elementor-element elementor-element-b971c28 elementor-widget elementor-widget-elementskit-faq\" data-id=\"b971c28\" data-element_type=\"widget\" data-e-type=\"widget\" data-widget_type=\"elementskit-faq.default\">\n\t\t\t\t<div class=\"elementor-widget-container\">\n\t\t\t\t\t<div class=\"ekit-wid-con\" >\n                <div class=\"elementskit-single-faq elementor-repeater-item-c1762b5\">\n            <div class=\"elementskit-faq-header\">\n                <h2 class=\"elementskit-faq-title\">Pourquoi ScaleSI vous propose ces Formations IA ?<\/h2>\n            <\/div>\n            <div class=\"elementskit-faq-body\">\n                Nos formations s'adressent \u00e0 celles et ceux sans comp\u00e9tences techniques qui veulent \u00eatre plus productifs.<br>\nVous apprendrez \u00e0 automatiser les t\u00e2ches r\u00e9p\u00e9titives, gagner des heures pr\u00e9cieuses et exploiter l'IA comme un v\u00e9ritable assistant. Au-del\u00e0 de la pratique, nous vous aidons \u00e0 prendre confiance, comprendre les avantages ET les limites. <br>\nL'objectif : vous rendre autonome, \u00e0 l'aise avec l'IA, et capable de l'utiliser de mani\u00e8re intelligente et responsable pour booster votre performance.            <\/div>\n        <\/div>\n                <div class=\"elementskit-single-faq elementor-repeater-item-4c3c39a\">\n            <div class=\"elementskit-faq-header\">\n                <h2 class=\"elementskit-faq-title\">Qu&#039;est-ce que la certification Qualiopi ?<\/h2>\n            <\/div>\n            <div class=\"elementskit-faq-body\">\n                La certification Qualiopi est LE label officiel qui garantit que nos formations respectent des standards de qualit\u00e9 exigeants. Elle vous assure un apprentissage optimis\u00e9, avec la possibilit\u00e9 d'une prise en charge financi\u00e8re par votre OPCO ou CPF.\n            <\/div>\n        <\/div>\n                <div class=\"elementskit-single-faq elementor-repeater-item-54b54a9\">\n            <div class=\"elementskit-faq-header\">\n                <h2 class=\"elementskit-faq-title\">A qui s&#039;adresse ces formations ?<\/h2>\n            <\/div>\n            <div class=\"elementskit-faq-body\">\n                <b>Cadres et d\u00e9cideurs<\/b><br>\nVous voulez int\u00e9grer l'IA dans votre strat\u00e9gie sans vous perdre dans le technique. Prenez une longueur d'avance.<br>\n<b>Entrepreneurs et PME<\/b><br>\nGagnez du temps pr\u00e9cieux en automatisant vos processus. Faites plus avec moins de ressources.<br>\n<b>\u00c9quipes marketing et vente<\/b><br>\nAutomatisez vos t\u00e2ches r\u00e9p\u00e9titives, cr\u00e9ez du contenu plus rapidement et am\u00e9liorez votre productivit\u00e9 imm\u00e9diatement.<br>\n<b>Esprits curieux<\/b><br>\nVous voulez comprendre la r\u00e9volution IA et ne pas rester sur le quai. Saisissez cette opportunit\u00e9 maintenant.\n            <\/div>\n        <\/div>\n                <div class=\"elementskit-single-faq elementor-repeater-item-34fcf5a\">\n            <div class=\"elementskit-faq-header\">\n                <h2 class=\"elementskit-faq-title\">Quel approche andragogique ?<\/h2>\n            <\/div>\n            <div class=\"elementskit-faq-body\">\n                <b>Z\u00e9ro jargon<\/b><br>\nOn parle fran\u00e7ais, pas robot. Des analogies du quotidien pour que tout le monde comprenne, vraiment.<br>\n<b>Action imm\u00e9diate<\/b><br>\nVous testez, vous cr\u00e9ez, vous exp\u00e9rimentez d\u00e8s le premier jour. Pas de th\u00e9orie sans fin, que du concret.<br>\n<b>100% interactif<\/b><br>\nAteliers en petits groupes, jeux de r\u00f4le, discussions ouvertes. Vous n'\u00eates pas spectateur, vous \u00eates acteur.<br>\n<b>Visuels impactants<\/b><br>\nPr\u00e9sentations claires et \u00e9pur\u00e9es, fiches synth\u00e9tiques et vid\u00e9os courtes. L'essentiel, rien que l'essentiel.<br>\n<b>Accompagnement continu<\/b><br>\nKit complet d'applications, webinaire de suivi dans 1 mois et groupe priv\u00e9 pour continuer \u00e0 progresser ensemble.            <\/div>\n        <\/div>\n                                <script type=\"application\/ld+json\">{\"@context\":\"https:\/\/schema.org\",\"@type\":\"FAQPage\",\"mainEntity\":[{\"@type\":\"Question\",\"name\":\"Pourquoi ScaleSI vous propose ces Formations IA ?\",\"acceptedAnswer\":{\"@type\":\"Answer\",\"text\":\"Nos formations s'adressent \u00e0 celles et ceux sans comp\u00e9tences techniques qui veulent \u00eatre plus productifs.<br>\\nVous apprendrez \u00e0 automatiser les t\u00e2ches r\u00e9p\u00e9titives, gagner des heures pr\u00e9cieuses et exploiter l'IA comme un v\u00e9ritable assistant. Au-del\u00e0 de la pratique, nous vous aidons \u00e0 prendre confiance, comprendre les avantages ET les limites. <br>\\nL'objectif : vous rendre autonome, \u00e0 l'aise avec l'IA, et capable de l'utiliser de mani\u00e8re intelligente et responsable pour booster votre performance.\"}},{\"@type\":\"Question\",\"name\":\"Qu&#039;est-ce que la certification Qualiopi ?\",\"acceptedAnswer\":{\"@type\":\"Answer\",\"text\":\"La certification Qualiopi est LE label officiel qui garantit que nos formations respectent des standards de qualit\u00e9 exigeants. Elle vous assure un apprentissage optimis\u00e9, avec la possibilit\u00e9 d'une prise en charge financi\u00e8re par votre OPCO ou CPF.\\n\"}},{\"@type\":\"Question\",\"name\":\"A qui s&#039;adresse ces formations ?\",\"acceptedAnswer\":{\"@type\":\"Answer\",\"text\":\"<b>Cadres et d\u00e9cideurs<\/b><br>\\nVous voulez int\u00e9grer l'IA dans votre strat\u00e9gie sans vous perdre dans le technique. Prenez une longueur d'avance.<br>\\n<b>Entrepreneurs et PME<\/b><br>\\nGagnez du temps pr\u00e9cieux en automatisant vos processus. Faites plus avec moins de ressources.<br>\\n<b>\u00c9quipes marketing et vente<\/b><br>\\nAutomatisez vos t\u00e2ches r\u00e9p\u00e9titives, cr\u00e9ez du contenu plus rapidement et am\u00e9liorez votre productivit\u00e9 imm\u00e9diatement.<br>\\n<b>Esprits curieux<\/b><br>\\nVous voulez comprendre la r\u00e9volution IA et ne pas rester sur le quai. Saisissez cette opportunit\u00e9 maintenant.\\n\"}},{\"@type\":\"Question\",\"name\":\"Quel approche andragogique ?\",\"acceptedAnswer\":{\"@type\":\"Answer\",\"text\":\"<b>Z\u00e9ro jargon<\/b><br>\\nOn parle fran\u00e7ais, pas robot. Des analogies du quotidien pour que tout le monde comprenne, vraiment.<br>\\n<b>Action imm\u00e9diate<\/b><br>\\nVous testez, vous cr\u00e9ez, vous exp\u00e9rimentez d\u00e8s le premier jour. Pas de th\u00e9orie sans fin, que du concret.<br>\\n<b>100% interactif<\/b><br>\\nAteliers en petits groupes, jeux de r\u00f4le, discussions ouvertes. Vous n'\u00eates pas spectateur, vous \u00eates acteur.<br>\\n<b>Visuels impactants<\/b><br>\\nPr\u00e9sentations claires et \u00e9pur\u00e9es, fiches synth\u00e9tiques et vid\u00e9os courtes. L'essentiel, rien que l'essentiel.<br>\\n<b>Accompagnement continu<\/b><br>\\nKit complet d'applications, webinaire de suivi dans 1 mois et groupe priv\u00e9 pour continuer \u00e0 progresser ensemble.\"}}]}<\/script>\n                \n    <\/div>\t\t\t\t<\/div>\n\t\t\t\t<\/div>\n\t\t\t\t\t<\/div>\n\t\t\t\t<\/div>\n\t\t\t\t<\/div>\n\t\t","protected":false},"excerpt":{"rendered":"<p>DES FORMATIONS ADAPT\u00c9ES ET QUALIFI\u00c9ES Ma\u00eetrisez l&rsquo;IA en2 jours D\u00e9mystifier l&#039;IA Comprenez enfin comment \u00e7a marche, sans formules math\u00e9matiques. Vous pourrez expliquer l&rsquo;IA \u00e0 n&rsquo;importe qui en 2 minutes chrono. Dialoguer avec les IA Ma\u00eetrisez ChatGPT et autres chatbots comme un pro. Obtenez exactement ce que vous voulez, \u00e0 chaque fois. \u00c9crire des prompts magiques [&hellip;]<\/p>\n","protected":false},"author":7,"featured_media":0,"parent":0,"menu_order":0,"comment_status":"closed","ping_status":"closed","template":"","meta":{"footnotes":""},"class_list":["post-9534","page","type-page","status-publish","hentry"],"_links":{"self":[{"href":"https:\/\/www.scalesi.fr\/index.php\/wp-json\/wp\/v2\/pages\/9534","targetHints":{"allow":["GET"]}}],"collection":[{"href":"https:\/\/www.scalesi.fr\/index.php\/wp-json\/wp\/v2\/pages"}],"about":[{"href":"https:\/\/www.scalesi.fr\/index.php\/wp-json\/wp\/v2\/types\/page"}],"author":[{"embeddable":true,"href":"https:\/\/www.scalesi.fr\/index.php\/wp-json\/wp\/v2\/users\/7"}],"replies":[{"embeddable":true,"href":"https:\/\/www.scalesi.fr\/index.php\/wp-json\/wp\/v2\/comments?post=9534"}],"version-history":[{"count":5,"href":"https:\/\/www.scalesi.fr\/index.php\/wp-json\/wp\/v2\/pages\/9534\/revisions"}],"predecessor-version":[{"id":9564,"href":"https:\/\/www.scalesi.fr\/index.php\/wp-json\/wp\/v2\/pages\/9534\/revisions\/9564"}],"wp:attachment":[{"href":"https:\/\/www.scalesi.fr\/index.php\/wp-json\/wp\/v2\/media?parent=9534"}],"curies":[{"name":"wp","href":"https:\/\/api.w.org\/{rel}","templated":true}]}}