{"id":9136,"date":"2025-06-19T10:43:12","date_gmt":"2025-06-19T09:43:12","guid":{"rendered":"https:\/\/www.scalesi.fr\/?page_id=9136"},"modified":"2025-06-19T17:02:54","modified_gmt":"2025-06-19T16:02:54","slug":"microsoft-365","status":"publish","type":"page","link":"https:\/\/www.scalesi.fr\/index.php\/microsoft-365\/","title":{"rendered":"Microsoft 365"},"content":{"rendered":"\t\t<div data-elementor-type=\"wp-page\" data-elementor-id=\"9136\" class=\"elementor elementor-9136\">\n\t\t\t\t<div class=\"elementor-element elementor-element-784d853 e-flex e-con-boxed e-con e-parent\" data-id=\"784d853\" data-element_type=\"container\" data-e-type=\"container\">\n\t\t\t\t\t<div class=\"e-con-inner\">\n\t\t\t\t<div class=\"elementor-element elementor-element-9255fa3 elementor-widget elementor-widget-heading\" data-id=\"9255fa3\" data-element_type=\"widget\" data-e-type=\"widget\" data-widget_type=\"heading.default\">\n\t\t\t\t<div class=\"elementor-widget-container\">\n\t\t\t\t\t<h1 class=\"elementor-heading-title elementor-size-default\">OUTILS COLLABORATIFS<\/h1>\t\t\t\t<\/div>\n\t\t\t\t<\/div>\n\t\t\t\t<div class=\"elementor-element elementor-element-ff6b996 elementor-widget elementor-widget-heading\" data-id=\"ff6b996\" data-element_type=\"widget\" data-e-type=\"widget\" data-widget_type=\"heading.default\">\n\t\t\t\t<div class=\"elementor-widget-container\">\n\t\t\t\t\t<h5 class=\"elementor-heading-title elementor-size-default\">COLLABOREZ SANS FRONTI\u00c8RES AVEC MICROSOFT 365 : DES OUTILS INTELLIGENTS POUR CO-CR\u00c9ER, COMMUNIQUER ET INNOVER EN \u00c9QUIPE, O\u00d9 QUE VOUS SOYEZ.<\/h5>\t\t\t\t<\/div>\n\t\t\t\t<\/div>\n\t\t\t\t\t<\/div>\n\t\t\t\t<\/div>\n\t\t<div class=\"elementor-element elementor-element-d9915d1 e-flex e-con-boxed e-con e-parent\" data-id=\"d9915d1\" data-element_type=\"container\" data-e-type=\"container\">\n\t\t\t\t\t<div class=\"e-con-inner\">\n\t\t\t\t\t<\/div>\n\t\t\t\t<\/div>\n\t\t<div class=\"elementor-element elementor-element-fa5eef9 e-grid e-con-boxed e-con e-parent\" data-id=\"fa5eef9\" data-element_type=\"container\" data-e-type=\"container\">\n\t\t\t\t\t<div class=\"e-con-inner\">\n\t\t\t\t<div class=\"elementor-element elementor-element-5eefd2f ekit-equal-height-disable elementor-widget elementor-widget-elementskit-image-box\" data-id=\"5eefd2f\" data-element_type=\"widget\" data-e-type=\"widget\" data-widget_type=\"elementskit-image-box.default\">\n\t\t\t\t<div class=\"elementor-widget-container\">\n\t\t\t\t\t<div class=\"ekit-wid-con\" >\n            <div class=\"elementskit-info-image-box ekit-image-box text-center simple-card\" >\n\n                \n                <div class=\"elementskit-box-header image-box-img-center\">\n\n                    <img fetchpriority=\"high\" decoding=\"async\" width=\"700\" height=\"450\" src=\"https:\/\/www.scalesi.fr\/wp-content\/uploads\/2025\/06\/coordination-700x450.jpeg\" class=\"attachment-Portfolio Thumbnail size-Portfolio Thumbnail wp-image-9304\" alt=\"\" \/>\n                <\/div>\n                \n                <div class=\"elementskit-box-body ekit-image-box-body\">\n                    <div class=\"elementskit-box-content ekit-image-box-body-inner\">\n                                                <h3 class=\"elementskit-info-box-title\">\n\n                        Calendriers partag\u00e9s\n                        \n                    <\/h3>\n                                                            <div class=\"elementskit-box-style-content\">\n                        Simplifiez la coordination de vos \u00e9quipes avec les calendriers partag\u00e9s de Microsoft 365 : une vision claire, un planning fluide.                    <\/div>\n                                    <\/div>\n\n                            <\/div>\n            <\/div>\n    <\/div>\t\t\t\t<\/div>\n\t\t\t\t<\/div>\n\t\t\t\t<div class=\"elementor-element elementor-element-17e58ab ekit-equal-height-disable elementor-widget elementor-widget-elementskit-image-box\" data-id=\"17e58ab\" data-element_type=\"widget\" data-e-type=\"widget\" data-widget_type=\"elementskit-image-box.default\">\n\t\t\t\t<div class=\"elementor-widget-container\">\n\t\t\t\t\t<div class=\"ekit-wid-con\" >\n            <div class=\"elementskit-info-image-box ekit-image-box text-center simple-card\" >\n\n                \n                <div class=\"elementskit-box-header image-box-img-center\">\n\n                    <img decoding=\"async\" width=\"700\" height=\"450\" src=\"https:\/\/www.scalesi.fr\/wp-content\/uploads\/2025\/06\/emailprofessionnelle-700x450.jpeg\" class=\"attachment-Portfolio Thumbnail size-Portfolio Thumbnail wp-image-9308\" alt=\"\" \/>\n                <\/div>\n                \n                <div class=\"elementskit-box-body ekit-image-box-body\">\n                    <div class=\"elementskit-box-content ekit-image-box-body-inner\">\n                                                <h3 class=\"elementskit-info-box-title\">\n\n                        Email professionnel\n                        \n                    <\/h3>\n                                                            <div class=\"elementskit-box-style-content\">\n                        Affirmez votre cr\u00e9dibilit\u00e9 avec une adresse email professionnelle \u00e0 votre nom de domaine : une premi\u00e8re impression qui inspire confiance.                    <\/div>\n                                    <\/div>\n\n                            <\/div>\n            <\/div>\n    <\/div>\t\t\t\t<\/div>\n\t\t\t\t<\/div>\n\t\t\t\t<div class=\"elementor-element elementor-element-33ff686 ekit-equal-height-disable elementor-widget elementor-widget-elementskit-image-box\" data-id=\"33ff686\" data-element_type=\"widget\" data-e-type=\"widget\" data-widget_type=\"elementskit-image-box.default\">\n\t\t\t\t<div class=\"elementor-widget-container\">\n\t\t\t\t\t<div class=\"ekit-wid-con\" >\n            <div class=\"elementskit-info-image-box ekit-image-box text-center simple-card\" >\n\n                \n                <div class=\"elementskit-box-header image-box-img-center\">\n\n                    <img decoding=\"async\" width=\"700\" height=\"450\" src=\"https:\/\/www.scalesi.fr\/wp-content\/uploads\/2025\/06\/travailequipe-700x450.jpeg\" class=\"attachment-Portfolio Thumbnail size-Portfolio Thumbnail wp-image-9309\" alt=\"\" \/>\n                <\/div>\n                \n                <div class=\"elementskit-box-body ekit-image-box-body\">\n                    <div class=\"elementskit-box-content ekit-image-box-body-inner\">\n                                                <h3 class=\"elementskit-info-box-title\">\n\n                        Suite Office\n                        \n                    <\/h3>\n                                                            <div class=\"elementskit-box-style-content\">\n                        Facilitez le travail d\u2019\u00e9quipe au quotidien : des outils simples, efficaces et accessibles pour collaborer, partager et avancer ensemble.                    <\/div>\n                                    <\/div>\n\n                            <\/div>\n            <\/div>\n    <\/div>\t\t\t\t<\/div>\n\t\t\t\t<\/div>\n\t\t\t\t<div class=\"elementor-element elementor-element-d1a15bb ekit-equal-height-disable elementor-widget elementor-widget-elementskit-image-box\" data-id=\"d1a15bb\" data-element_type=\"widget\" data-e-type=\"widget\" data-widget_type=\"elementskit-image-box.default\">\n\t\t\t\t<div class=\"elementor-widget-container\">\n\t\t\t\t\t<div class=\"ekit-wid-con\" >\n            <div class=\"elementskit-info-image-box ekit-image-box text-center simple-card\" >\n\n                \n                <div class=\"elementskit-box-header image-box-img-center\">\n\n                    <img loading=\"lazy\" decoding=\"async\" width=\"700\" height=\"450\" src=\"https:\/\/www.scalesi.fr\/wp-content\/uploads\/2025\/06\/OneDrive-700x450.jpeg\" class=\"attachment-Portfolio Thumbnail size-Portfolio Thumbnail wp-image-9302\" alt=\"\" \/>\n                <\/div>\n                \n                <div class=\"elementskit-box-body ekit-image-box-body\">\n                    <div class=\"elementskit-box-content ekit-image-box-body-inner\">\n                                                <h3 class=\"elementskit-info-box-title\">\n\n                        OneDrive\n                        \n                    <\/h3>\n                                                            <div class=\"elementskit-box-style-content\">\n                        Vos fichiers vous suivent partout : stockez, partagez et collaborez en toute s\u00e9curit\u00e9, depuis n\u2019importe quel appareil.                    <\/div>\n                                    <\/div>\n\n                            <\/div>\n            <\/div>\n    <\/div>\t\t\t\t<\/div>\n\t\t\t\t<\/div>\n\t\t\t\t<div class=\"elementor-element elementor-element-68e7883 ekit-equal-height-disable elementor-widget elementor-widget-elementskit-image-box\" data-id=\"68e7883\" data-element_type=\"widget\" data-e-type=\"widget\" data-widget_type=\"elementskit-image-box.default\">\n\t\t\t\t<div class=\"elementor-widget-container\">\n\t\t\t\t\t<div class=\"ekit-wid-con\" >\n            <div class=\"elementskit-info-image-box ekit-image-box text-center simple-card\" >\n\n                \n                <div class=\"elementskit-box-header image-box-img-center\">\n\n                    <img loading=\"lazy\" decoding=\"async\" width=\"700\" height=\"450\" src=\"https:\/\/www.scalesi.fr\/wp-content\/uploads\/2025\/06\/copilot-700x450.jpeg\" class=\"attachment-Portfolio Thumbnail size-Portfolio Thumbnail wp-image-9301\" alt=\"\" \/>\n                <\/div>\n                \n                <div class=\"elementskit-box-body ekit-image-box-body\">\n                    <div class=\"elementskit-box-content ekit-image-box-body-inner\">\n                                                <h3 class=\"elementskit-info-box-title\">\n\n                        Copilot\n                        \n                    <\/h3>\n                                                            <div class=\"elementskit-box-style-content\">\n                        Gagnez du temps, boostez vos id\u00e9es et simplifiez votre quotidien avec Copilot, l\u2019assistant intelligent int\u00e9gr\u00e9 \u00e0 Microsoft 365.                    <\/div>\n                                    <\/div>\n\n                            <\/div>\n            <\/div>\n    <\/div>\t\t\t\t<\/div>\n\t\t\t\t<\/div>\n\t\t\t\t<div class=\"elementor-element elementor-element-42676a3 ekit-equal-height-disable elementor-widget elementor-widget-elementskit-image-box\" data-id=\"42676a3\" data-element_type=\"widget\" data-e-type=\"widget\" data-widget_type=\"elementskit-image-box.default\">\n\t\t\t\t<div class=\"elementor-widget-container\">\n\t\t\t\t\t<div class=\"ekit-wid-con\" >\n            <div class=\"elementskit-info-image-box ekit-image-box text-center simple-card\" >\n\n                \n                <div class=\"elementskit-box-header image-box-img-center\">\n\n                    <img loading=\"lazy\" decoding=\"async\" width=\"700\" height=\"450\" src=\"https:\/\/www.scalesi.fr\/wp-content\/uploads\/2025\/06\/SharePoint-700x450.jpeg\" class=\"attachment-Portfolio Thumbnail size-Portfolio Thumbnail wp-image-9303\" alt=\"\" \/>\n                <\/div>\n                \n                <div class=\"elementskit-box-body ekit-image-box-body\">\n                    <div class=\"elementskit-box-content ekit-image-box-body-inner\">\n                                                <h3 class=\"elementskit-info-box-title\">\n\n                        SharePoint\n                        \n                    <\/h3>\n                                                            <div class=\"elementskit-box-style-content\">\n                        Centralisez, s\u00e9curisez et partagez vos documents.\nLa plateforme collaborative id\u00e9ale pour les \u00e9quipes qui veulent gagner en efficacit\u00e9.                    <\/div>\n                                    <\/div>\n\n                            <\/div>\n            <\/div>\n    <\/div>\t\t\t\t<\/div>\n\t\t\t\t<\/div>\n\t\t\t\t\t<\/div>\n\t\t\t\t<\/div>\n\t\t\t\t<\/div>\n\t\t","protected":false},"excerpt":{"rendered":"<p>OUTILS COLLABORATIFS COLLABOREZ SANS FRONTI\u00c8RES AVEC MICROSOFT 365 : DES OUTILS INTELLIGENTS POUR CO-CR\u00c9ER, COMMUNIQUER ET INNOVER EN \u00c9QUIPE, O\u00d9 QUE VOUS SOYEZ. Calendriers partag\u00e9s Simplifiez la coordination de vos \u00e9quipes avec les calendriers partag\u00e9s de Microsoft 365 : une vision claire, un planning fluide. Email professionnel Affirmez votre cr\u00e9dibilit\u00e9 avec une adresse email professionnelle [&hellip;]<\/p>\n","protected":false},"author":7,"featured_media":0,"parent":0,"menu_order":0,"comment_status":"closed","ping_status":"closed","template":"","meta":{"footnotes":""},"class_list":["post-9136","page","type-page","status-publish","hentry"],"_links":{"self":[{"href":"https:\/\/www.scalesi.fr\/index.php\/wp-json\/wp\/v2\/pages\/9136","targetHints":{"allow":["GET"]}}],"collection":[{"href":"https:\/\/www.scalesi.fr\/index.php\/wp-json\/wp\/v2\/pages"}],"about":[{"href":"https:\/\/www.scalesi.fr\/index.php\/wp-json\/wp\/v2\/types\/page"}],"author":[{"embeddable":true,"href":"https:\/\/www.scalesi.fr\/index.php\/wp-json\/wp\/v2\/users\/7"}],"replies":[{"embeddable":true,"href":"https:\/\/www.scalesi.fr\/index.php\/wp-json\/wp\/v2\/comments?post=9136"}],"version-history":[{"count":5,"href":"https:\/\/www.scalesi.fr\/index.php\/wp-json\/wp\/v2\/pages\/9136\/revisions"}],"predecessor-version":[{"id":9330,"href":"https:\/\/www.scalesi.fr\/index.php\/wp-json\/wp\/v2\/pages\/9136\/revisions\/9330"}],"wp:attachment":[{"href":"https:\/\/www.scalesi.fr\/index.php\/wp-json\/wp\/v2\/media?parent=9136"}],"curies":[{"name":"wp","href":"https:\/\/api.w.org\/{rel}","templated":true}]}}