{"id":8632,"date":"2025-06-12T09:22:26","date_gmt":"2025-06-12T08:22:26","guid":{"rendered":"https:\/\/www.scalesi.fr\/?page_id=8632"},"modified":"2025-08-08T16:52:32","modified_gmt":"2025-08-08T15:52:32","slug":"intelligence-artificielle-2","status":"publish","type":"page","link":"https:\/\/www.scalesi.fr\/index.php\/intelligence-artificielle-2\/","title":{"rendered":"INTELLIGENCE ARTIFICIELLE"},"content":{"rendered":"\t\t<div data-elementor-type=\"wp-page\" data-elementor-id=\"8632\" class=\"elementor elementor-8632\">\n\t\t\t\t<div class=\"elementor-element elementor-element-72c2255 e-flex e-con-boxed e-con e-parent\" data-id=\"72c2255\" data-element_type=\"container\" data-e-type=\"container\">\n\t\t\t\t\t<div class=\"e-con-inner\">\n\t\t\t\t<div class=\"elementor-element elementor-element-ccc245c elementor-widget elementor-widget-image\" data-id=\"ccc245c\" data-element_type=\"widget\" data-e-type=\"widget\" data-widget_type=\"image.default\">\n\t\t\t\t<div class=\"elementor-widget-container\">\n\t\t\t\t\t\t\t\t\t\t\t\t\t\t\t\t<a href=\"https:\/\/scale-ia.fr\/\">\n\t\t\t\t\t\t\t<img fetchpriority=\"high\" decoding=\"async\" width=\"768\" height=\"394\" src=\"https:\/\/www.scalesi.fr\/wp-content\/uploads\/2025\/08\/Createur-de-futurs-intelligents-sombre-2-768x394.png\" class=\"attachment-medium_large size-medium_large wp-image-9480\" alt=\"\" srcset=\"https:\/\/www.scalesi.fr\/wp-content\/uploads\/2025\/08\/Createur-de-futurs-intelligents-sombre-2-768x394.png 768w, https:\/\/www.scalesi.fr\/wp-content\/uploads\/2025\/08\/Createur-de-futurs-intelligents-sombre-2-300x154.png 300w, https:\/\/www.scalesi.fr\/wp-content\/uploads\/2025\/08\/Createur-de-futurs-intelligents-sombre-2-1024x525.png 1024w, https:\/\/www.scalesi.fr\/wp-content\/uploads\/2025\/08\/Createur-de-futurs-intelligents-sombre-2-1536x787.png 1536w, https:\/\/www.scalesi.fr\/wp-content\/uploads\/2025\/08\/Createur-de-futurs-intelligents-sombre-2-2048x1050.png 2048w\" sizes=\"(max-width: 768px) 100vw, 768px\" \/>\t\t\t\t\t\t\t\t<\/a>\n\t\t\t\t\t\t\t\t\t\t\t\t\t\t\t<\/div>\n\t\t\t\t<\/div>\n\t\t\t\t\t<\/div>\n\t\t\t\t<\/div>\n\t\t<div class=\"elementor-element elementor-element-e7958b8 e-flex e-con-boxed e-con e-parent\" data-id=\"e7958b8\" data-element_type=\"container\" data-e-type=\"container\">\n\t\t\t\t\t<div class=\"e-con-inner\">\n\t\t\t\t<div class=\"elementor-element elementor-element-0d9b0f6 elementor-widget elementor-widget-heading\" data-id=\"0d9b0f6\" data-element_type=\"widget\" data-e-type=\"widget\" data-widget_type=\"heading.default\">\n\t\t\t\t<div class=\"elementor-widget-container\">\n\t\t\t\t\t<h3 class=\"elementor-heading-title elementor-size-default\"> L\u2019intelligence artificielle, un levier de performance pour votre organisation<\/h3>\t\t\t\t<\/div>\n\t\t\t\t<\/div>\n\t\t\t\t<div class=\"elementor-element elementor-element-3c9c651 elementor-widget elementor-widget-text-editor\" data-id=\"3c9c651\" data-element_type=\"widget\" data-e-type=\"widget\" data-widget_type=\"text-editor.default\">\n\t\t\t\t<div class=\"elementor-widget-container\">\n\t\t\t\t\t\t\t\t\t<p data-start=\"250\" data-end=\"522\">L\u2019intelligence artificielle (IA) est un domaine de l\u2019informatique qui vise \u00e0 cr\u00e9er des syst\u00e8mes capables d\u2019imiter des fonctions humaines telles que l\u2019apprentissage, le raisonnement, l\u2019analyse, la compr\u00e9hension du langage naturel ou encore la perception de l\u2019environnement.<\/p><p data-start=\"524\" data-end=\"782\">Concr\u00e8tement, l\u2019IA s\u2019appuie sur des algorithmes puissants et des mod\u00e8les math\u00e9matiques qui traitent de grandes quantit\u00e9s de donn\u00e9es, apprennent de leurs analyses, s\u2019adaptent \u00e0 des situations vari\u00e9es, et prennent des d\u00e9cisions de mani\u00e8re autonome ou assist\u00e9e.<\/p><p data-start=\"784\" data-end=\"1191\">Aujourd\u2019hui, elle est omnipr\u00e9sente et transforme en profondeur de nombreux secteurs : sant\u00e9, industrie, transports, environnement, services, finances ou encore marketing.<br data-start=\"954\" data-end=\"957\" \/>Son potentiel est immense, tant pour <strong data-start=\"994\" data-end=\"1020\">automatiser des t\u00e2ches<\/strong>, que pour <strong data-start=\"1031\" data-end=\"1058\">optimiser des processus<\/strong>, <strong data-start=\"1060\" data-end=\"1086\">d\u00e9tecter des anomalies<\/strong>, <strong data-start=\"1088\" data-end=\"1120\">am\u00e9liorer la relation client<\/strong> ou encore <strong data-start=\"1131\" data-end=\"1166\">g\u00e9n\u00e9rer du contenu personnalis\u00e9<\/strong> gr\u00e2ce \u00e0 l\u2019IA g\u00e9n\u00e9rative.<\/p>\t\t\t\t\t\t\t\t<\/div>\n\t\t\t\t<\/div>\n\t\t\t\t<div class=\"elementor-element elementor-element-4d183e1 elementor-widget elementor-widget-heading\" data-id=\"4d183e1\" data-element_type=\"widget\" data-e-type=\"widget\" data-widget_type=\"heading.default\">\n\t\t\t\t<div class=\"elementor-widget-container\">\n\t\t\t\t\t<h3 class=\"elementor-heading-title elementor-size-default\"> ScaleIA : l\u2019entit\u00e9 d\u00e9di\u00e9e \u00e0 l\u2019IA chez ScaleSI<\/h3>\t\t\t\t<\/div>\n\t\t\t\t<\/div>\n\t\t\t\t<div class=\"elementor-element elementor-element-abbbd18 elementor-widget elementor-widget-text-editor\" data-id=\"abbbd18\" data-element_type=\"widget\" data-e-type=\"widget\" data-widget_type=\"text-editor.default\">\n\t\t\t\t<div class=\"elementor-widget-container\">\n\t\t\t\t\t\t\t\t\t<p data-start=\"1251\" data-end=\"1539\">Face \u00e0 cet enjeu technologique majeur, <strong data-start=\"1290\" data-end=\"1316\">ScaleSI a cr\u00e9\u00e9 ScaleIA<\/strong>, une entit\u00e9 100 % d\u00e9di\u00e9e \u00e0 l\u2019intelligence artificielle.<br data-start=\"1372\" data-end=\"1375\" \/>Notre objectif ? Vous accompagner de mani\u00e8re concr\u00e8te et accessible dans l&rsquo;int\u00e9gration de l&rsquo;IA au service de votre productivit\u00e9 et de votre transformation digitale.<\/p><p data-start=\"1541\" data-end=\"1800\">Qu\u2019il s\u2019agisse de <strong data-start=\"1559\" data-end=\"1584\">chatbots intelligents<\/strong>, d\u2019<strong data-start=\"1588\" data-end=\"1624\">automatisation de t\u00e2ches m\u00e9tiers<\/strong>, d\u2019<strong data-start=\"1628\" data-end=\"1650\">aide \u00e0 la d\u00e9cision<\/strong>, ou de <strong data-start=\"1658\" data-end=\"1682\">solutions sur-mesure<\/strong> propuls\u00e9es par l\u2019IA, <strong data-start=\"1704\" data-end=\"1800\">ScaleIA met la puissance de l\u2019intelligence artificielle au c\u0153ur de vos enjeux op\u00e9rationnels.<\/strong><\/p>\t\t\t\t\t\t\t\t<\/div>\n\t\t\t\t<\/div>\n\t\t\t\t<div class=\"elementor-element elementor-element-2a1cec0 elementor-align-center elementor-widget elementor-widget-button\" data-id=\"2a1cec0\" data-element_type=\"widget\" data-e-type=\"widget\" data-widget_type=\"button.default\">\n\t\t\t\t<div class=\"elementor-widget-container\">\n\t\t\t\t\t\t\t\t\t<div class=\"elementor-button-wrapper\">\n\t\t\t\t\t<a class=\"elementor-button elementor-button-link elementor-size-sm\" href=\"https:\/\/scale-ia.fr\/\">\n\t\t\t\t\t\t<span class=\"elementor-button-content-wrapper\">\n\t\t\t\t\t\t\t\t\t<span class=\"elementor-button-text\">Voir notre site<\/span>\n\t\t\t\t\t<\/span>\n\t\t\t\t\t<\/a>\n\t\t\t\t<\/div>\n\t\t\t\t\t\t\t\t<\/div>\n\t\t\t\t<\/div>\n\t\t\t\t\t<\/div>\n\t\t\t\t<\/div>\n\t\t<div class=\"elementor-element elementor-element-eba26ea e-flex e-con-boxed e-con e-parent\" data-id=\"eba26ea\" data-element_type=\"container\" data-e-type=\"container\">\n\t\t\t\t\t<div class=\"e-con-inner\">\n\t\t\t\t<div class=\"elementor-element elementor-element-3c38a00 elementor-widget elementor-widget-heading\" data-id=\"3c38a00\" data-element_type=\"widget\" data-e-type=\"widget\" data-widget_type=\"heading.default\">\n\t\t\t\t<div class=\"elementor-widget-container\">\n\t\t\t\t\t<h3 class=\"elementor-heading-title elementor-size-default\">Cr\u00e9ateurs de futurs intelligents<\/h3>\t\t\t\t<\/div>\n\t\t\t\t<\/div>\n\t\t\t\t<div class=\"elementor-element elementor-element-783a482 elementor-widget elementor-widget-text-editor\" data-id=\"783a482\" data-element_type=\"widget\" data-e-type=\"widget\" data-widget_type=\"text-editor.default\">\n\t\t\t\t<div class=\"elementor-widget-container\">\n\t\t\t\t\t\t\t\t\t<p>Chez ScaleIA, nous ne nous contentons pas d&rsquo;int\u00e9grer l&rsquo;IA :<br data-start=\"1630\" data-end=\"1633\" \/><strong data-start=\"1633\" data-end=\"1690\">nous fa\u00e7onnons avec vous des futurs plus intelligents<\/strong>, plus efficaces et plus humains.<\/p>\t\t\t\t\t\t\t\t<\/div>\n\t\t\t\t<\/div>\n\t\t\t\t<div class=\"elementor-element elementor-element-883df1e elementor-widget elementor-widget-text-editor\" data-id=\"883df1e\" data-element_type=\"widget\" data-e-type=\"widget\" data-widget_type=\"text-editor.default\">\n\t\t\t\t<div class=\"elementor-widget-container\">\n\t\t\t\t\t\t\t\t\t<p><strong data-start=\"1733\" data-end=\"1803\">Envie de d\u00e9couvrir comment l\u2019IA peut transformer votre quotidien ?<\/strong><\/p>\t\t\t\t\t\t\t\t<\/div>\n\t\t\t\t<\/div>\n\t\t\t\t<div class=\"elementor-element elementor-element-e9f54d3 elementor-align-center elementor-widget elementor-widget-button\" data-id=\"e9f54d3\" data-element_type=\"widget\" data-e-type=\"widget\" data-widget_type=\"button.default\">\n\t\t\t\t<div class=\"elementor-widget-container\">\n\t\t\t\t\t\t\t\t\t<div class=\"elementor-button-wrapper\">\n\t\t\t\t\t<a class=\"elementor-button elementor-button-link elementor-size-sm\" href=\"https:\/\/scale-ia.fr\/\">\n\t\t\t\t\t\t<span class=\"elementor-button-content-wrapper\">\n\t\t\t\t\t\t\t\t\t<span class=\"elementor-button-text\">Explorer nos solutions<\/span>\n\t\t\t\t\t<\/span>\n\t\t\t\t\t<\/a>\n\t\t\t\t<\/div>\n\t\t\t\t\t\t\t\t<\/div>\n\t\t\t\t<\/div>\n\t\t\t\t\t<\/div>\n\t\t\t\t<\/div>\n\t\t<div class=\"elementor-element elementor-element-c2b5caf elementor-hidden-desktop elementor-hidden-tablet elementor-hidden-mobile e-flex e-con-boxed e-con e-parent\" data-id=\"c2b5caf\" data-element_type=\"container\" data-e-type=\"container\">\n\t\t\t\t\t<div class=\"e-con-inner\">\n\t\t\t\t<div class=\"elementor-element elementor-element-8259551 elementor-widget elementor-widget-heading\" data-id=\"8259551\" data-element_type=\"widget\" data-e-type=\"widget\" data-widget_type=\"heading.default\">\n\t\t\t\t<div class=\"elementor-widget-container\">\n\t\t\t\t\t<h3 class=\"elementor-heading-title elementor-size-default\">QU'EST-CE QUE C'EST ?<\/h3>\t\t\t\t<\/div>\n\t\t\t\t<\/div>\n\t\t\t\t<div class=\"elementor-element elementor-element-ac49b07 elementor-widget elementor-widget-text-editor\" data-id=\"ac49b07\" data-element_type=\"widget\" data-e-type=\"widget\" data-widget_type=\"text-editor.default\">\n\t\t\t\t<div class=\"elementor-widget-container\">\n\t\t\t\t\t\t\t\t\t<p>L&rsquo;intelligence artificielle (IA) est un domaine de l&rsquo;informatique visant \u00e0 d\u00e9velopper des syst\u00e8mes capables de reproduire des capacit\u00e9s humaines telles que l&rsquo;apprentissage, le raisonnement, la compr\u00e9hension du langage et la perception de l&rsquo;environnement. Cette discipline repose sur l&rsquo;utilisation d&rsquo;algorithmes et de mod\u00e8les math\u00e9matiques qui permettent aux machines de traiter des volumes importants de donn\u00e9es, d&rsquo;assimiler des connaissances et de s&rsquo;adapter \u00e0 des contextes nouveaux. L&rsquo;IA est aujourd&rsquo;hui largement int\u00e9gr\u00e9e dans divers secteurs, allant de la sant\u00e9 \u00e0 l&rsquo;industrie en passant par les transports, la finance et les services num\u00e9riques.<\/p>\t\t\t\t\t\t\t\t<\/div>\n\t\t\t\t<\/div>\n\t\t\t\t<div class=\"elementor-element elementor-element-8766063 elementor-widget elementor-widget-heading\" data-id=\"8766063\" data-element_type=\"widget\" data-e-type=\"widget\" data-widget_type=\"heading.default\">\n\t\t\t\t<div class=\"elementor-widget-container\">\n\t\t\t\t\t<h3 class=\"elementor-heading-title elementor-size-default\">ET LES AVANTAGES ?<\/h3>\t\t\t\t<\/div>\n\t\t\t\t<\/div>\n\t\t\t\t<div class=\"elementor-element elementor-element-b56d074 elementor-widget elementor-widget-text-editor\" data-id=\"b56d074\" data-element_type=\"widget\" data-e-type=\"widget\" data-widget_type=\"text-editor.default\">\n\t\t\t\t<div class=\"elementor-widget-container\">\n\t\t\t\t\t\t\t\t\t<p>L&rsquo;intelligence artificielle offre de multiples avantages dans diff\u00e9rents domaines. En effet, elle permet d&rsquo;automatiser des t\u00e2ches r\u00e9p\u00e9titives ou complexes, favorisant ainsi l&rsquo;augmentation de la productivit\u00e9 et la r\u00e9duction des erreurs humaines. Gr\u00e2ce \u00e0 sa capacit\u00e9 d&rsquo;analyse de vastes volumes de donn\u00e9es, l&rsquo;IA facilite la prise de d\u00e9cisions, la d\u00e9tection de tendances ou d&rsquo;anomalies, et l&rsquo;optimisation des processus. De plus, elle est largement exploit\u00e9e pour personnaliser les services, notamment \u00e0 travers les recommandations en ligne ou les assistants virtuels. Enfin, l&rsquo;intelligence artificielle joue un r\u00f4le crucial dans l&rsquo;innovation des secteurs cl\u00e9s tels que la sant\u00e9, l&rsquo;industrie, les transports ou l&rsquo;environnement, en apportant des solutions plus rapides, plus pr\u00e9cises et souvent plus \u00e9conomiques.<\/p>\t\t\t\t\t\t\t\t<\/div>\n\t\t\t\t<\/div>\n\t\t\t\t\t<\/div>\n\t\t\t\t<\/div>\n\t\t<div class=\"elementor-element elementor-element-626c959 e-flex e-con-boxed e-con e-parent\" data-id=\"626c959\" data-element_type=\"container\" data-e-type=\"container\">\n\t\t\t\t\t<div class=\"e-con-inner\">\n\t\t\t\t<div class=\"elementor-element elementor-element-577da10 elementor-widget elementor-widget-spacer\" data-id=\"577da10\" data-element_type=\"widget\" data-e-type=\"widget\" data-widget_type=\"spacer.default\">\n\t\t\t\t<div class=\"elementor-widget-container\">\n\t\t\t\t\t\t\t<div class=\"elementor-spacer\">\n\t\t\t<div class=\"elementor-spacer-inner\"><\/div>\n\t\t<\/div>\n\t\t\t\t\t\t<\/div>\n\t\t\t\t<\/div>\n\t\t\t\t\t<\/div>\n\t\t\t\t<\/div>\n\t\t<div class=\"elementor-element elementor-element-43ec3dd elementor-hidden-desktop elementor-hidden-tablet elementor-hidden-mobile e-flex e-con-boxed e-con e-parent\" data-id=\"43ec3dd\" data-element_type=\"container\" data-e-type=\"container\">\n\t\t\t\t\t<div class=\"e-con-inner\">\n\t\t<div class=\"elementor-element elementor-element-209731a e-con-full e-flex e-con e-child\" data-id=\"209731a\" data-element_type=\"container\" data-e-type=\"container\">\n\t\t\t\t<div class=\"elementor-element elementor-element-53dc808 elementor-widget elementor-widget-heading\" data-id=\"53dc808\" data-element_type=\"widget\" data-e-type=\"widget\" data-widget_type=\"heading.default\">\n\t\t\t\t<div class=\"elementor-widget-container\">\n\t\t\t\t\t<h3 class=\"elementor-heading-title elementor-size-default\">TOUTES NOS IA<\/h3>\t\t\t\t<\/div>\n\t\t\t\t<\/div>\n\t\t\t\t<div class=\"elementor-element elementor-element-91a3e28 elementor-widget elementor-widget-text-editor\" data-id=\"91a3e28\" data-element_type=\"widget\" data-e-type=\"widget\" data-widget_type=\"text-editor.default\">\n\t\t\t\t<div class=\"elementor-widget-container\">\n\t\t\t\t\t\t\t\t\t<p>Besoin d&rsquo;un assistant personnel pour vos rendez-vous ou vos appels,<\/p><p>Besoin d&rsquo;automatiser vos processus de production ou de cr\u00e9ation,<\/p><p>Besoin d&rsquo;un chatbot avec vos clients ou vos employ\u00e9s,<\/p><p>Besoin d&rsquo;h\u00e9berger vos donn\u00e9es de calculs pour les garder priv\u00e9es ?<\/p>\t\t\t\t\t\t\t\t<\/div>\n\t\t\t\t<\/div>\n\t\t\t\t<div class=\"elementor-element elementor-element-c61dc90 elementor-align-center elementor-widget elementor-widget-button\" data-id=\"c61dc90\" data-element_type=\"widget\" data-e-type=\"widget\" data-widget_type=\"button.default\">\n\t\t\t\t<div class=\"elementor-widget-container\">\n\t\t\t\t\t\t\t\t\t<div class=\"elementor-button-wrapper\">\n\t\t\t\t\t<a class=\"elementor-button elementor-button-link elementor-size-sm\" href=\"https:\/\/www.scalesi.fr\/index.php\/intelligence-artificielle\/\">\n\t\t\t\t\t\t<span class=\"elementor-button-content-wrapper\">\n\t\t\t\t\t\t\t\t\t<span class=\"elementor-button-text\">Acc\u00e9der \u00e0 nos produits<\/span>\n\t\t\t\t\t<\/span>\n\t\t\t\t\t<\/a>\n\t\t\t\t<\/div>\n\t\t\t\t\t\t\t\t<\/div>\n\t\t\t\t<\/div>\n\t\t\t\t<\/div>\n\t\t<div class=\"elementor-element elementor-element-980073f e-con-full e-flex e-con e-child\" data-id=\"980073f\" data-element_type=\"container\" data-e-type=\"container\">\n\t\t\t\t<div class=\"elementor-element elementor-element-e0337a9 elementor-widget elementor-widget-heading\" data-id=\"e0337a9\" data-element_type=\"widget\" data-e-type=\"widget\" data-widget_type=\"heading.default\">\n\t\t\t\t<div class=\"elementor-widget-container\">\n\t\t\t\t\t<h3 class=\"elementor-heading-title elementor-size-default\">RENCONTRER MARIANNE L'IA CON\u00c7UE POUR LES MAIRIES<\/h3>\t\t\t\t<\/div>\n\t\t\t\t<\/div>\n\t\t\t\t<div class=\"elementor-element elementor-element-86c719c elementor-align-center elementor-widget elementor-widget-button\" data-id=\"86c719c\" data-element_type=\"widget\" data-e-type=\"widget\" data-widget_type=\"button.default\">\n\t\t\t\t<div class=\"elementor-widget-container\">\n\t\t\t\t\t\t\t\t\t<div class=\"elementor-button-wrapper\">\n\t\t\t\t\t<a class=\"elementor-button elementor-button-link elementor-size-sm\" href=\"https:\/\/www.scalesi.fr\/index.php\/demonstration-bot-mairie\/\">\n\t\t\t\t\t\t<span class=\"elementor-button-content-wrapper\">\n\t\t\t\t\t\t\t\t\t<span class=\"elementor-button-text\">Renconter MarIAnne<\/span>\n\t\t\t\t\t<\/span>\n\t\t\t\t\t<\/a>\n\t\t\t\t<\/div>\n\t\t\t\t\t\t\t\t<\/div>\n\t\t\t\t<\/div>\n\t\t\t\t<\/div>\n\t\t\t\t\t<\/div>\n\t\t\t\t<\/div>\n\t\t<div class=\"elementor-element elementor-element-5e0d979 e-flex e-con-boxed e-con e-parent\" data-id=\"5e0d979\" data-element_type=\"container\" data-e-type=\"container\">\n\t\t\t\t\t<div class=\"e-con-inner\">\n\t\t\t\t<div class=\"elementor-element elementor-element-474fe4f elementor-widget elementor-widget-spacer\" data-id=\"474fe4f\" data-element_type=\"widget\" data-e-type=\"widget\" data-widget_type=\"spacer.default\">\n\t\t\t\t<div class=\"elementor-widget-container\">\n\t\t\t\t\t\t\t<div class=\"elementor-spacer\">\n\t\t\t<div class=\"elementor-spacer-inner\"><\/div>\n\t\t<\/div>\n\t\t\t\t\t\t<\/div>\n\t\t\t\t<\/div>\n\t\t\t\t\t<\/div>\n\t\t\t\t<\/div>\n\t\t\t\t<\/div>\n\t\t","protected":false},"excerpt":{"rendered":"<p>L\u2019intelligence artificielle, un levier de performance pour votre organisation L\u2019intelligence artificielle (IA) est un domaine de l\u2019informatique qui vise \u00e0 cr\u00e9er des syst\u00e8mes capables d\u2019imiter des fonctions humaines telles que l\u2019apprentissage, le raisonnement, l\u2019analyse, la compr\u00e9hension du langage naturel ou encore la perception de l\u2019environnement. Concr\u00e8tement, l\u2019IA s\u2019appuie sur des algorithmes puissants et des mod\u00e8les [&hellip;]<\/p>\n","protected":false},"author":6,"featured_media":0,"parent":0,"menu_order":0,"comment_status":"closed","ping_status":"closed","template":"","meta":{"footnotes":""},"class_list":["post-8632","page","type-page","status-publish","hentry"],"_links":{"self":[{"href":"https:\/\/www.scalesi.fr\/index.php\/wp-json\/wp\/v2\/pages\/8632","targetHints":{"allow":["GET"]}}],"collection":[{"href":"https:\/\/www.scalesi.fr\/index.php\/wp-json\/wp\/v2\/pages"}],"about":[{"href":"https:\/\/www.scalesi.fr\/index.php\/wp-json\/wp\/v2\/types\/page"}],"author":[{"embeddable":true,"href":"https:\/\/www.scalesi.fr\/index.php\/wp-json\/wp\/v2\/users\/6"}],"replies":[{"embeddable":true,"href":"https:\/\/www.scalesi.fr\/index.php\/wp-json\/wp\/v2\/comments?post=8632"}],"version-history":[{"count":5,"href":"https:\/\/www.scalesi.fr\/index.php\/wp-json\/wp\/v2\/pages\/8632\/revisions"}],"predecessor-version":[{"id":9498,"href":"https:\/\/www.scalesi.fr\/index.php\/wp-json\/wp\/v2\/pages\/8632\/revisions\/9498"}],"wp:attachment":[{"href":"https:\/\/www.scalesi.fr\/index.php\/wp-json\/wp\/v2\/media?parent=8632"}],"curies":[{"name":"wp","href":"https:\/\/api.w.org\/{rel}","templated":true}]}}