{"id":8602,"date":"2025-06-12T09:01:47","date_gmt":"2025-06-12T08:01:47","guid":{"rendered":"https:\/\/www.scalesi.fr\/?page_id=8602"},"modified":"2025-06-13T09:10:41","modified_gmt":"2025-06-13T08:10:41","slug":"support-technique","status":"publish","type":"page","link":"https:\/\/www.scalesi.fr\/index.php\/support-technique\/","title":{"rendered":"SUPPORT TECHNIQUE"},"content":{"rendered":"\t\t<div data-elementor-type=\"wp-page\" data-elementor-id=\"8602\" class=\"elementor elementor-8602\">\n\t\t\t\t<div class=\"elementor-element elementor-element-b11ebe9 e-flex e-con-boxed e-con e-parent\" data-id=\"b11ebe9\" data-element_type=\"container\" data-e-type=\"container\">\n\t\t\t\t\t<div class=\"e-con-inner\">\n\t\t\t\t<div class=\"elementor-element elementor-element-ee3786f elementor-widget elementor-widget-heading\" data-id=\"ee3786f\" data-element_type=\"widget\" data-e-type=\"widget\" data-widget_type=\"heading.default\">\n\t\t\t\t<div class=\"elementor-widget-container\">\n\t\t\t\t\t<h1 class=\"elementor-heading-title elementor-size-default\">SUPPORT TECHNIQUE<\/h1>\t\t\t\t<\/div>\n\t\t\t\t<\/div>\n\t\t\t\t\t<\/div>\n\t\t\t\t<\/div>\n\t\t<div class=\"elementor-element elementor-element-0f11c30 e-flex e-con-boxed e-con e-parent\" data-id=\"0f11c30\" data-element_type=\"container\" data-e-type=\"container\">\n\t\t\t\t\t<div class=\"e-con-inner\">\n\t\t<div class=\"elementor-element elementor-element-d89d50c e-con-full e-flex e-con e-child\" data-id=\"d89d50c\" data-element_type=\"container\" data-e-type=\"container\">\n\t\t\t\t<div class=\"elementor-element elementor-element-726c2c8 elementor-widget elementor-widget-image\" data-id=\"726c2c8\" data-element_type=\"widget\" data-e-type=\"widget\" data-widget_type=\"image.default\">\n\t\t\t\t<div class=\"elementor-widget-container\">\n\t\t\t\t\t\t\t\t\t\t\t\t\t\t\t<img fetchpriority=\"high\" decoding=\"async\" width=\"1024\" height=\"1024\" src=\"https:\/\/www.scalesi.fr\/wp-content\/uploads\/2025\/06\/A-futuristic-representation-of-IT-outsourcing-infogerance-with-a-dominant-blue-color-scheme-and-se.jpeg\" class=\"elementor-animation-grow attachment-large size-large wp-image-8918\" alt=\"\" srcset=\"https:\/\/www.scalesi.fr\/wp-content\/uploads\/2025\/06\/A-futuristic-representation-of-IT-outsourcing-infogerance-with-a-dominant-blue-color-scheme-and-se.jpeg 1024w, https:\/\/www.scalesi.fr\/wp-content\/uploads\/2025\/06\/A-futuristic-representation-of-IT-outsourcing-infogerance-with-a-dominant-blue-color-scheme-and-se-300x300.jpeg 300w, https:\/\/www.scalesi.fr\/wp-content\/uploads\/2025\/06\/A-futuristic-representation-of-IT-outsourcing-infogerance-with-a-dominant-blue-color-scheme-and-se-150x150.jpeg 150w, https:\/\/www.scalesi.fr\/wp-content\/uploads\/2025\/06\/A-futuristic-representation-of-IT-outsourcing-infogerance-with-a-dominant-blue-color-scheme-and-se-768x768.jpeg 768w, https:\/\/www.scalesi.fr\/wp-content\/uploads\/2025\/06\/A-futuristic-representation-of-IT-outsourcing-infogerance-with-a-dominant-blue-color-scheme-and-se-600x600.jpeg 600w\" sizes=\"(max-width: 1024px) 100vw, 1024px\" \/>\t\t\t\t\t\t\t\t\t\t\t\t\t\t\t<\/div>\n\t\t\t\t<\/div>\n\t\t\t\t<div class=\"elementor-element elementor-element-62764c1 elementor-widget elementor-widget-spacer\" data-id=\"62764c1\" data-element_type=\"widget\" data-e-type=\"widget\" data-widget_type=\"spacer.default\">\n\t\t\t\t<div class=\"elementor-widget-container\">\n\t\t\t\t\t\t\t<div class=\"elementor-spacer\">\n\t\t\t<div class=\"elementor-spacer-inner\"><\/div>\n\t\t<\/div>\n\t\t\t\t\t\t<\/div>\n\t\t\t\t<\/div>\n\t\t\t\t<div class=\"elementor-element elementor-element-d2f7001 elementor-widget elementor-widget-heading\" data-id=\"d2f7001\" data-element_type=\"widget\" data-e-type=\"widget\" data-widget_type=\"heading.default\">\n\t\t\t\t<div class=\"elementor-widget-container\">\n\t\t\t\t\t<h1 class=\"elementor-heading-title elementor-size-default\">INFOGERANCE<\/h1>\t\t\t\t<\/div>\n\t\t\t\t<\/div>\n\t\t\t\t<div class=\"elementor-element elementor-element-059f387 elementor-widget elementor-widget-text-editor\" data-id=\"059f387\" data-element_type=\"widget\" data-e-type=\"widget\" data-widget_type=\"text-editor.default\">\n\t\t\t\t<div class=\"elementor-widget-container\">\n\t\t\t\t\t\t\t\t\t<p>L&rsquo;infog\u00e9rance est une solution de gestion externalis\u00e9e du syst\u00e8me d&rsquo;information d&rsquo;une entreprise, assur\u00e9e par un prestataire sp\u00e9cialis\u00e9. Son objectif est d&rsquo;optimiser la performance et la disponibilit\u00e9 du syst\u00e8me. Ce service comprend une surveillance en temps r\u00e9el, des interventions r\u00e9alis\u00e9es par des ing\u00e9nieurs certifi\u00e9s et des contrats flexibles adapt\u00e9s aux besoins sp\u00e9cifiques de chaque entreprise.<\/p>\t\t\t\t\t\t\t\t<\/div>\n\t\t\t\t<\/div>\n\t\t\t\t<div class=\"elementor-element elementor-element-6f9eb75 elementor-align-center elementor-widget elementor-widget-button\" data-id=\"6f9eb75\" data-element_type=\"widget\" data-e-type=\"widget\" data-widget_type=\"button.default\">\n\t\t\t\t<div class=\"elementor-widget-container\">\n\t\t\t\t\t\t\t\t\t<div class=\"elementor-button-wrapper\">\n\t\t\t\t\t<a class=\"elementor-button elementor-button-link elementor-size-sm\" href=\"https:\/\/www.scalesi.fr\/index.php\/infogerance\/\">\n\t\t\t\t\t\t<span class=\"elementor-button-content-wrapper\">\n\t\t\t\t\t\t\t\t\t<span class=\"elementor-button-text\">Acc\u00e9der \u00e0 la page<\/span>\n\t\t\t\t\t<\/span>\n\t\t\t\t\t<\/a>\n\t\t\t\t<\/div>\n\t\t\t\t\t\t\t\t<\/div>\n\t\t\t\t<\/div>\n\t\t\t\t<div class=\"elementor-element elementor-element-2f0678e elementor-widget elementor-widget-spacer\" data-id=\"2f0678e\" data-element_type=\"widget\" data-e-type=\"widget\" data-widget_type=\"spacer.default\">\n\t\t\t\t<div class=\"elementor-widget-container\">\n\t\t\t\t\t\t\t<div class=\"elementor-spacer\">\n\t\t\t<div class=\"elementor-spacer-inner\"><\/div>\n\t\t<\/div>\n\t\t\t\t\t\t<\/div>\n\t\t\t\t<\/div>\n\t\t\t\t<\/div>\n\t\t<div class=\"elementor-element elementor-element-42c0b12 e-con-full e-flex e-con e-child\" data-id=\"42c0b12\" data-element_type=\"container\" data-e-type=\"container\">\n\t\t\t\t<div class=\"elementor-element elementor-element-9d65c09 elementor-widget elementor-widget-image\" data-id=\"9d65c09\" data-element_type=\"widget\" data-e-type=\"widget\" data-widget_type=\"image.default\">\n\t\t\t\t<div class=\"elementor-widget-container\">\n\t\t\t\t\t\t\t\t\t\t\t\t\t\t\t<img decoding=\"async\" width=\"1024\" height=\"1024\" src=\"https:\/\/www.scalesi.fr\/wp-content\/uploads\/2025\/06\/Futuristic-digital-artwork-representing-IT-maintenance.-The-scene-includes-a-high-tech-workshop-with.jpeg\" class=\"elementor-animation-grow attachment-large size-large wp-image-8920\" alt=\"\" srcset=\"https:\/\/www.scalesi.fr\/wp-content\/uploads\/2025\/06\/Futuristic-digital-artwork-representing-IT-maintenance.-The-scene-includes-a-high-tech-workshop-with.jpeg 1024w, https:\/\/www.scalesi.fr\/wp-content\/uploads\/2025\/06\/Futuristic-digital-artwork-representing-IT-maintenance.-The-scene-includes-a-high-tech-workshop-with-300x300.jpeg 300w, https:\/\/www.scalesi.fr\/wp-content\/uploads\/2025\/06\/Futuristic-digital-artwork-representing-IT-maintenance.-The-scene-includes-a-high-tech-workshop-with-150x150.jpeg 150w, https:\/\/www.scalesi.fr\/wp-content\/uploads\/2025\/06\/Futuristic-digital-artwork-representing-IT-maintenance.-The-scene-includes-a-high-tech-workshop-with-768x768.jpeg 768w, https:\/\/www.scalesi.fr\/wp-content\/uploads\/2025\/06\/Futuristic-digital-artwork-representing-IT-maintenance.-The-scene-includes-a-high-tech-workshop-with-600x600.jpeg 600w\" sizes=\"(max-width: 1024px) 100vw, 1024px\" \/>\t\t\t\t\t\t\t\t\t\t\t\t\t\t\t<\/div>\n\t\t\t\t<\/div>\n\t\t\t\t<div class=\"elementor-element elementor-element-5ddf9ec elementor-widget elementor-widget-spacer\" data-id=\"5ddf9ec\" data-element_type=\"widget\" data-e-type=\"widget\" data-widget_type=\"spacer.default\">\n\t\t\t\t<div class=\"elementor-widget-container\">\n\t\t\t\t\t\t\t<div class=\"elementor-spacer\">\n\t\t\t<div class=\"elementor-spacer-inner\"><\/div>\n\t\t<\/div>\n\t\t\t\t\t\t<\/div>\n\t\t\t\t<\/div>\n\t\t\t\t<div class=\"elementor-element elementor-element-332da3b elementor-widget elementor-widget-heading\" data-id=\"332da3b\" data-element_type=\"widget\" data-e-type=\"widget\" data-widget_type=\"heading.default\">\n\t\t\t\t<div class=\"elementor-widget-container\">\n\t\t\t\t\t<h2 class=\"elementor-heading-title elementor-size-default\">MAINTENANCE<\/h2>\t\t\t\t<\/div>\n\t\t\t\t<\/div>\n\t\t\t\t<div class=\"elementor-element elementor-element-6dec447 elementor-widget elementor-widget-text-editor\" data-id=\"6dec447\" data-element_type=\"widget\" data-e-type=\"widget\" data-widget_type=\"text-editor.default\">\n\t\t\t\t<div class=\"elementor-widget-container\">\n\t\t\t\t\t\t\t\t\t<p>Les services de maintenance informatique offerts par ScaleSI comprennent des interventions en atelier, par t\u00e9l\u00e9phone, \u00e0 distance (t\u00e9l\u00e9maintenance) et sur site, assurant un support complet et r\u00e9actif. Gr\u00e2ce \u00e0 des forfaits personnalis\u00e9s, l&rsquo;entreprise garantit la continuit\u00e9 des syst\u00e8mes d&rsquo;information de ses clients tout en leur offrant un accompagnement d\u00e9di\u00e9 et s\u00e9curis\u00e9.<\/p>\t\t\t\t\t\t\t\t<\/div>\n\t\t\t\t<\/div>\n\t\t\t\t<div class=\"elementor-element elementor-element-1f301e5 elementor-align-center elementor-widget elementor-widget-button\" data-id=\"1f301e5\" data-element_type=\"widget\" data-e-type=\"widget\" data-widget_type=\"button.default\">\n\t\t\t\t<div class=\"elementor-widget-container\">\n\t\t\t\t\t\t\t\t\t<div class=\"elementor-button-wrapper\">\n\t\t\t\t\t<a class=\"elementor-button elementor-button-link elementor-size-sm\" href=\"https:\/\/www.scalesi.fr\/index.php\/maintenance\/\">\n\t\t\t\t\t\t<span class=\"elementor-button-content-wrapper\">\n\t\t\t\t\t\t\t\t\t<span class=\"elementor-button-text\">Acc\u00e9der \u00e0 la page<\/span>\n\t\t\t\t\t<\/span>\n\t\t\t\t\t<\/a>\n\t\t\t\t<\/div>\n\t\t\t\t\t\t\t\t<\/div>\n\t\t\t\t<\/div>\n\t\t\t\t<div class=\"elementor-element elementor-element-111ccdb elementor-widget elementor-widget-spacer\" data-id=\"111ccdb\" data-element_type=\"widget\" data-e-type=\"widget\" data-widget_type=\"spacer.default\">\n\t\t\t\t<div class=\"elementor-widget-container\">\n\t\t\t\t\t\t\t<div class=\"elementor-spacer\">\n\t\t\t<div class=\"elementor-spacer-inner\"><\/div>\n\t\t<\/div>\n\t\t\t\t\t\t<\/div>\n\t\t\t\t<\/div>\n\t\t\t\t<\/div>\n\t\t\t\t\t<\/div>\n\t\t\t\t<\/div>\n\t\t\t\t<\/div>\n\t\t","protected":false},"excerpt":{"rendered":"<p>SUPPORT TECHNIQUE INFOGERANCE L&rsquo;infog\u00e9rance est une solution de gestion externalis\u00e9e du syst\u00e8me d&rsquo;information d&rsquo;une entreprise, assur\u00e9e par un prestataire sp\u00e9cialis\u00e9. Son objectif est d&rsquo;optimiser la performance et la disponibilit\u00e9 du syst\u00e8me. Ce service comprend une surveillance en temps r\u00e9el, des interventions r\u00e9alis\u00e9es par des ing\u00e9nieurs certifi\u00e9s et des contrats flexibles adapt\u00e9s aux besoins sp\u00e9cifiques de [&hellip;]<\/p>\n","protected":false},"author":6,"featured_media":0,"parent":0,"menu_order":0,"comment_status":"closed","ping_status":"closed","template":"","meta":{"footnotes":""},"class_list":["post-8602","page","type-page","status-publish","hentry"],"_links":{"self":[{"href":"https:\/\/www.scalesi.fr\/index.php\/wp-json\/wp\/v2\/pages\/8602","targetHints":{"allow":["GET"]}}],"collection":[{"href":"https:\/\/www.scalesi.fr\/index.php\/wp-json\/wp\/v2\/pages"}],"about":[{"href":"https:\/\/www.scalesi.fr\/index.php\/wp-json\/wp\/v2\/types\/page"}],"author":[{"embeddable":true,"href":"https:\/\/www.scalesi.fr\/index.php\/wp-json\/wp\/v2\/users\/6"}],"replies":[{"embeddable":true,"href":"https:\/\/www.scalesi.fr\/index.php\/wp-json\/wp\/v2\/comments?post=8602"}],"version-history":[{"count":5,"href":"https:\/\/www.scalesi.fr\/index.php\/wp-json\/wp\/v2\/pages\/8602\/revisions"}],"predecessor-version":[{"id":8939,"href":"https:\/\/www.scalesi.fr\/index.php\/wp-json\/wp\/v2\/pages\/8602\/revisions\/8939"}],"wp:attachment":[{"href":"https:\/\/www.scalesi.fr\/index.php\/wp-json\/wp\/v2\/media?parent=8602"}],"curies":[{"name":"wp","href":"https:\/\/api.w.org\/{rel}","templated":true}]}}