{"id":8258,"date":"2025-06-04T15:39:15","date_gmt":"2025-06-04T14:39:15","guid":{"rendered":"https:\/\/www.scalesi.fr\/?page_id=8258"},"modified":"2025-06-19T08:09:42","modified_gmt":"2025-06-19T07:09:42","slug":"nutanix","status":"publish","type":"page","link":"https:\/\/www.scalesi.fr\/index.php\/nutanix\/","title":{"rendered":"Nutanix"},"content":{"rendered":"\t\t<div data-elementor-type=\"wp-page\" data-elementor-id=\"8258\" class=\"elementor elementor-8258\">\n\t\t\t\t<div class=\"elementor-element elementor-element-a39a05b e-flex e-con-boxed e-con e-parent\" data-id=\"a39a05b\" data-element_type=\"container\" data-e-type=\"container\">\n\t\t\t\t\t<div class=\"e-con-inner\">\n\t\t\t\t<div class=\"elementor-element elementor-element-c653c77 elementor-widget elementor-widget-heading\" data-id=\"c653c77\" data-element_type=\"widget\" data-e-type=\"widget\" data-widget_type=\"heading.default\">\n\t\t\t\t<div class=\"elementor-widget-container\">\n\t\t\t\t\t<h3 class=\"elementor-heading-title elementor-size-default\">D\u00c9PLOYEZ VOTRE CLOUD D'ENTREPRISE AVEC<\/h3>\t\t\t\t<\/div>\n\t\t\t\t<\/div>\n\t\t\t\t\t<\/div>\n\t\t\t\t<\/div>\n\t\t<div class=\"elementor-element elementor-element-c8336b0 e-flex e-con-boxed e-con e-parent\" data-id=\"c8336b0\" data-element_type=\"container\" data-e-type=\"container\">\n\t\t\t\t\t<div class=\"e-con-inner\">\n\t\t\t\t<div class=\"elementor-element elementor-element-982c17d elementor-widget elementor-widget-image\" data-id=\"982c17d\" data-element_type=\"widget\" data-e-type=\"widget\" data-widget_type=\"image.default\">\n\t\t\t\t<div class=\"elementor-widget-container\">\n\t\t\t\t\t\t\t\t\t\t\t\t\t\t\t<img decoding=\"async\" width=\"191\" height=\"61\" src=\"https:\/\/www.scalesi.fr\/wp-content\/uploads\/2018\/07\/Logo-Nutanix.png\" class=\"attachment-1536x1536 size-1536x1536 wp-image-5598\" alt=\"\" \/>\t\t\t\t\t\t\t\t\t\t\t\t\t\t\t<\/div>\n\t\t\t\t<\/div>\n\t\t\t\t\t<\/div>\n\t\t\t\t<\/div>\n\t\t<div class=\"elementor-element elementor-element-2abe942 e-flex e-con-boxed e-con e-parent\" data-id=\"2abe942\" data-element_type=\"container\" data-e-type=\"container\">\n\t\t\t\t\t<div class=\"e-con-inner\">\n\t\t\t\t<div class=\"elementor-element elementor-element-6497e86 elementor-widget elementor-widget-spacer\" data-id=\"6497e86\" data-element_type=\"widget\" data-e-type=\"widget\" data-widget_type=\"spacer.default\">\n\t\t\t\t<div class=\"elementor-widget-container\">\n\t\t\t\t\t\t\t<div class=\"elementor-spacer\">\n\t\t\t<div class=\"elementor-spacer-inner\"><\/div>\n\t\t<\/div>\n\t\t\t\t\t\t<\/div>\n\t\t\t\t<\/div>\n\t\t\t\t\t<\/div>\n\t\t\t\t<\/div>\n\t\t<div class=\"elementor-element elementor-element-7bfd723 e-flex e-con-boxed e-con e-parent\" data-id=\"7bfd723\" data-element_type=\"container\" data-e-type=\"container\">\n\t\t\t\t\t<div class=\"e-con-inner\">\n\t\t\t\t<div class=\"elementor-element elementor-element-d0614e5 elementor-widget elementor-widget-text-editor\" data-id=\"d0614e5\" data-element_type=\"widget\" data-e-type=\"widget\" data-widget_type=\"text-editor.default\">\n\t\t\t\t<div class=\"elementor-widget-container\">\n\t\t\t\t\t\t\t\t\t<p>Nutanix est le leader des syst\u00e8mes hyperconverg\u00e9s. L\u2019offre a \u00e9t\u00e9 con\u00e7ue en s\u2019inspirant des technologies et architectures informatiques des g\u00e9ants du web (Google, Facebook, Amazon etc.) et permet de r\u00e9duire le TCO de votre syst\u00e8me d\u2019information.<\/p><p>L\u2019infrastructure hyperconverg\u00e9e int\u00e8gre nativement les ressources de calcul et de stockage au sein d\u2019un cluster de serveurs x86. \u00c9volutifs, ils permettent de r\u00e9duire la complexit\u00e9 de gestion du stockage et d\u2019adapter les performances de l\u2019infrastructure selon les besoins.<\/p><p>Avec son unique console de management, Nutanix offre la possibilit\u00e9 de piloter l\u2019ensemble de l\u2019infrastructure simplement et de d\u00e9ployer de nouvelles machines virtuelles en quelques clics.<\/p>\t\t\t\t\t\t\t\t<\/div>\n\t\t\t\t<\/div>\n\t\t\t\t\t<\/div>\n\t\t\t\t<\/div>\n\t\t<div class=\"elementor-element elementor-element-51b1047 e-grid e-con-boxed e-con e-parent\" data-id=\"51b1047\" data-element_type=\"container\" data-e-type=\"container\">\n\t\t\t\t\t<div class=\"e-con-inner\">\n\t\t\t\t<div class=\"elementor-element elementor-element-6c778ba elementor-widget elementor-widget-elementskit-funfact\" data-id=\"6c778ba\" data-element_type=\"widget\" data-e-type=\"widget\" data-widget_type=\"elementskit-funfact.default\">\n\t\t\t\t<div class=\"elementor-widget-container\">\n\t\t\t\t\t<div class=\"ekit-wid-con\" >\n\t\t<div class=\"elementskit-funfact text-center     \">\n\t\t\t\n\t\t\t<div class=\"elementskit-funfact-inner position_top\">\n\t\t\t\t\t\t\t\t\t<div class=\"funfact-icon\">\n\t\t\t\t\t\t<svg aria-hidden=\"true\" class=\"elementskit-funfact-icon e-font-icon-svg e-far-hand-peace\" viewBox=\"0 0 448 512\" xmlns=\"http:\/\/www.w3.org\/2000\/svg\"><path d=\"M362.146 191.976c-13.71-21.649-38.761-34.016-65.006-30.341V74c0-40.804-32.811-74-73.141-74-40.33 0-73.14 33.196-73.14 74L160 168l-18.679-78.85C126.578 50.843 83.85 32.11 46.209 47.208 8.735 62.238-9.571 104.963 5.008 142.85l55.757 144.927c-30.557 24.956-43.994 57.809-24.733 92.218l54.853 97.999C102.625 498.97 124.73 512 148.575 512h205.702c30.744 0 57.558-21.44 64.555-51.797l27.427-118.999a67.801 67.801 0 0 0 1.729-15.203L448 256c0-44.956-43.263-77.343-85.854-64.024zM399.987 326c0 1.488-.169 2.977-.502 4.423l-27.427 119.001c-1.978 8.582-9.29 14.576-17.782 14.576H148.575c-6.486 0-12.542-3.621-15.805-9.449l-54.854-98c-4.557-8.141-2.619-18.668 4.508-24.488l26.647-21.764a16 16 0 0 0 4.812-18.139l-64.09-166.549C37.226 92.956 84.37 74.837 96.51 106.389l59.784 155.357A16 16 0 0 0 171.227 272h11.632c8.837 0 16-7.163 16-16V74c0-34.375 50.281-34.43 50.281 0v182c0 8.837 7.163 16 16 16h6.856c8.837 0 16-7.163 16-16v-28c0-25.122 36.567-25.159 36.567 0v28c0 8.837 7.163 16 16 16h6.856c8.837 0 16-7.163 16-16 0-25.12 36.567-25.16 36.567 0v70z\"><\/path><\/svg>\t\t\t\t\t<\/div>\n\t\t\t\t\n\t\t\t\t<div class=\"funfact-content\">\n\t\t\t\t\t<div class=\"number-percentage-wraper\">\n\t\t\t\t\t\t+\t\t\t\t\t\t<span class=\"number-percentage\"\n\t\t\t\t\t\t      data-value=\"90\"\n\t\t\t\t\t\t      data-animation-duration=\"3500\"\n\t\t\t\t\t\t\t  data-style=\"static\">0<\/span>\n\t\t\t\t\t\t%\t\t\t\t\t\t\t\t\t\t\t<\/div>\n\n\t\t\t\t\t<h3 class=\"funfact-title\">Net promoter score<\/h3>\t\t\t\t\t\t\t\t<\/div>\n\t\t<\/div>\n\t\t<\/div>\n\n\n\t\t<\/div>\t\t\t\t<\/div>\n\t\t\t\t<\/div>\n\t\t\t\t<div class=\"elementor-element elementor-element-1861f30 elementor-widget elementor-widget-elementskit-funfact\" data-id=\"1861f30\" data-element_type=\"widget\" data-e-type=\"widget\" data-widget_type=\"elementskit-funfact.default\">\n\t\t\t\t<div class=\"elementor-widget-container\">\n\t\t\t\t\t<div class=\"ekit-wid-con\" >\n\t\t<div class=\"elementskit-funfact text-center     \">\n\t\t\t\n\t\t\t<div class=\"elementskit-funfact-inner position_top\">\n\t\t\t\t\t\t\t\t\t<div class=\"funfact-icon\">\n\t\t\t\t\t\t<svg aria-hidden=\"true\" class=\"elementskit-funfact-icon e-font-icon-svg e-far-handshake\" viewBox=\"0 0 640 512\" xmlns=\"http:\/\/www.w3.org\/2000\/svg\"><path d=\"M519.2 127.9l-47.6-47.6A56.252 56.252 0 0 0 432 64H205.2c-14.8 0-29.1 5.9-39.6 16.3L118 127.9H0v255.7h64c17.6 0 31.8-14.2 31.9-31.7h9.1l84.6 76.4c30.9 25.1 73.8 25.7 105.6 3.8 12.5 10.8 26 15.9 41.1 15.9 18.2 0 35.3-7.4 48.8-24 22.1 8.7 48.2 2.6 64-16.8l26.2-32.3c5.6-6.9 9.1-14.8 10.9-23h57.9c.1 17.5 14.4 31.7 31.9 31.7h64V127.9H519.2zM48 351.6c-8.8 0-16-7.2-16-16s7.2-16 16-16 16 7.2 16 16c0 8.9-7.2 16-16 16zm390-6.9l-26.1 32.2c-2.8 3.4-7.8 4-11.3 1.2l-23.9-19.4-30 36.5c-6 7.3-15 4.8-18 2.4l-36.8-31.5-15.6 19.2c-13.9 17.1-39.2 19.7-55.3 6.6l-97.3-88H96V175.8h41.9l61.7-61.6c2-.8 3.7-1.5 5.7-2.3H262l-38.7 35.5c-29.4 26.9-31.1 72.3-4.4 101.3 14.8 16.2 61.2 41.2 101.5 4.4l8.2-7.5 108.2 87.8c3.4 2.8 3.9 7.9 1.2 11.3zm106-40.8h-69.2c-2.3-2.8-4.9-5.4-7.7-7.7l-102.7-83.4 12.5-11.4c6.5-6 7-16.1 1-22.6L367 167.1c-6-6.5-16.1-6.9-22.6-1l-55.2 50.6c-9.5 8.7-25.7 9.4-34.6 0-9.3-9.9-8.5-25.1 1.2-33.9l65.6-60.1c7.4-6.8 17-10.5 27-10.5l83.7-.2c2.1 0 4.1.8 5.5 2.3l61.7 61.6H544v128zm48 47.7c-8.8 0-16-7.2-16-16s7.2-16 16-16 16 7.2 16 16c0 8.9-7.2 16-16 16z\"><\/path><\/svg>\t\t\t\t\t<\/div>\n\t\t\t\t\n\t\t\t\t<div class=\"funfact-content\">\n\t\t\t\t\t<div class=\"number-percentage-wraper\">\n\t\t\t\t\t\t+\t\t\t\t\t\t<span class=\"number-percentage\"\n\t\t\t\t\t\t      data-value=\"13000\"\n\t\t\t\t\t\t      data-animation-duration=\"3500\"\n\t\t\t\t\t\t\t  data-style=\"static\">0<\/span>\n\t\t\t\t\t\t\t\t\t\t\t\t\t\t\t\t\t<\/div>\n\n\t\t\t\t\t<h3 class=\"funfact-title\">Clients<\/h3>\t\t\t\t\t\t\t\t<\/div>\n\t\t<\/div>\n\t\t<\/div>\n\n\n\t\t<\/div>\t\t\t\t<\/div>\n\t\t\t\t<\/div>\n\t\t\t\t<div class=\"elementor-element elementor-element-7b8cc52 elementor-widget elementor-widget-elementskit-funfact\" data-id=\"7b8cc52\" data-element_type=\"widget\" data-e-type=\"widget\" data-widget_type=\"elementskit-funfact.default\">\n\t\t\t\t<div class=\"elementor-widget-container\">\n\t\t\t\t\t<div class=\"ekit-wid-con\" >\n\t\t<div class=\"elementskit-funfact text-center     \">\n\t\t\t\n\t\t\t<div class=\"elementskit-funfact-inner position_top\">\n\t\t\t\t\t\t\t\t\t<div class=\"funfact-icon\">\n\t\t\t\t\t\t<svg aria-hidden=\"true\" class=\"elementskit-funfact-icon e-font-icon-svg e-fas-dollar-sign\" viewBox=\"0 0 288 512\" xmlns=\"http:\/\/www.w3.org\/2000\/svg\"><path d=\"M209.2 233.4l-108-31.6C88.7 198.2 80 186.5 80 173.5c0-16.3 13.2-29.5 29.5-29.5h66.3c12.2 0 24.2 3.7 34.2 10.5 6.1 4.1 14.3 3.1 19.5-2l34.8-34c7.1-6.9 6.1-18.4-1.8-24.5C238 74.8 207.4 64.1 176 64V16c0-8.8-7.2-16-16-16h-32c-8.8 0-16 7.2-16 16v48h-2.5C45.8 64-5.4 118.7.5 183.6c4.2 46.1 39.4 83.6 83.8 96.6l102.5 30c12.5 3.7 21.2 15.3 21.2 28.3 0 16.3-13.2 29.5-29.5 29.5h-66.3C100 368 88 364.3 78 357.5c-6.1-4.1-14.3-3.1-19.5 2l-34.8 34c-7.1 6.9-6.1 18.4 1.8 24.5 24.5 19.2 55.1 29.9 86.5 30v48c0 8.8 7.2 16 16 16h32c8.8 0 16-7.2 16-16v-48.2c46.6-.9 90.3-28.6 105.7-72.7 21.5-61.6-14.6-124.8-72.5-141.7z\"><\/path><\/svg>\t\t\t\t\t<\/div>\n\t\t\t\t\n\t\t\t\t<div class=\"funfact-content\">\n\t\t\t\t\t<div class=\"number-percentage-wraper\">\n\t\t\t\t\t\t+\t\t\t\t\t\t<span class=\"number-percentage\"\n\t\t\t\t\t\t      data-value=\"60\"\n\t\t\t\t\t\t      data-animation-duration=\"3500\"\n\t\t\t\t\t\t\t  data-style=\"static\">0<\/span>\n\t\t\t\t\t\t%\t\t\t\t\t\t\t\t\t\t\t<\/div>\n\n\t\t\t\t\t<h3 class=\"funfact-title\">R\u00e9duction du TCO<\/h3>\t\t\t\t\t\t\t\t<\/div>\n\t\t<\/div>\n\t\t<\/div>\n\n\n\t\t<\/div>\t\t\t\t<\/div>\n\t\t\t\t<\/div>\n\t\t\t\t\t<\/div>\n\t\t\t\t<\/div>\n\t\t<div class=\"elementor-element elementor-element-e237e1a e-con-full e-flex e-con e-parent\" data-id=\"e237e1a\" data-element_type=\"container\" data-e-type=\"container\" data-settings=\"{&quot;background_background&quot;:&quot;classic&quot;}\">\n\t\t<div class=\"elementor-element elementor-element-07bf03b e-grid e-con-boxed e-con e-child\" data-id=\"07bf03b\" data-element_type=\"container\" data-e-type=\"container\">\n\t\t\t\t\t<div class=\"e-con-inner\">\n\t\t<div class=\"elementor-element elementor-element-5a242b8 e-con-full e-flex e-con e-child\" data-id=\"5a242b8\" data-element_type=\"container\" data-e-type=\"container\">\n\t\t\t\t<div class=\"elementor-element elementor-element-4fde6b6 elementor-widget elementor-widget-heading\" data-id=\"4fde6b6\" data-element_type=\"widget\" data-e-type=\"widget\" data-widget_type=\"heading.default\">\n\t\t\t\t<div class=\"elementor-widget-container\">\n\t\t\t\t\t<h3 class=\"elementor-heading-title elementor-size-default\">LE FONCTIONNEMENT<\/h3>\t\t\t\t<\/div>\n\t\t\t\t<\/div>\n\t\t\t\t<div class=\"elementor-element elementor-element-9ddaf37 elementor-widget elementor-widget-text-editor\" data-id=\"9ddaf37\" data-element_type=\"widget\" data-e-type=\"widget\" data-widget_type=\"text-editor.default\">\n\t\t\t\t<div class=\"elementor-widget-container\">\n\t\t\t\t\t\t\t\t\t<p>Les solutions NUTANIX sont construites selon un principe simple. Une plateforme regroupant les technologies les plus utilis\u00e9es par l\u2019industrie et concentr\u00e9es dans une solution int\u00e9grant Compute, Virtualisation, Stockage et S\u00e9curit\u00e9.<\/p><p>Faites fonctionner n\u2019importe qu\u2019elle application quelle que soit le nombre d\u2019utilisateurs. !<\/p><p>La plateforme NUTANIX unifie l\u2019ensemble des op\u00e9rations effectu\u00e9es par les responsables informatiques et leur apporte de la souplesse dans la gestion de leur infrastructure.<\/p>\t\t\t\t\t\t\t\t<\/div>\n\t\t\t\t<\/div>\n\t\t\t\t<\/div>\n\t\t\t\t<div class=\"elementor-element elementor-element-1e1c751 elementor-widget elementor-widget-image\" data-id=\"1e1c751\" data-element_type=\"widget\" data-e-type=\"widget\" data-widget_type=\"image.default\">\n\t\t\t\t<div class=\"elementor-widget-container\">\n\t\t\t\t\t\t\t\t\t\t\t\t\t\t\t<img fetchpriority=\"high\" decoding=\"async\" width=\"1024\" height=\"989\" src=\"https:\/\/www.scalesi.fr\/wp-content\/uploads\/2018\/05\/diag-how-we-do-it-1024x989.png\" class=\"attachment-large size-large wp-image-6203\" alt=\"\" srcset=\"https:\/\/www.scalesi.fr\/wp-content\/uploads\/2018\/05\/diag-how-we-do-it-1024x989.png 1024w, https:\/\/www.scalesi.fr\/wp-content\/uploads\/2018\/05\/diag-how-we-do-it-300x290.png 300w, https:\/\/www.scalesi.fr\/wp-content\/uploads\/2018\/05\/diag-how-we-do-it-768x742.png 768w, https:\/\/www.scalesi.fr\/wp-content\/uploads\/2018\/05\/diag-how-we-do-it.png 1050w\" sizes=\"(max-width: 1024px) 100vw, 1024px\" \/>\t\t\t\t\t\t\t\t\t\t\t\t\t\t\t<\/div>\n\t\t\t\t<\/div>\n\t\t\t\t\t<\/div>\n\t\t\t\t<\/div>\n\t\t\t\t<\/div>\n\t\t<div class=\"elementor-element elementor-element-fb88848 e-flex e-con-boxed e-con e-parent\" data-id=\"fb88848\" data-element_type=\"container\" data-e-type=\"container\">\n\t\t\t\t\t<div class=\"e-con-inner\">\n\t\t\t\t<div class=\"elementor-element elementor-element-ef7b2eb elementor-widget elementor-widget-spacer\" data-id=\"ef7b2eb\" data-element_type=\"widget\" data-e-type=\"widget\" data-widget_type=\"spacer.default\">\n\t\t\t\t<div class=\"elementor-widget-container\">\n\t\t\t\t\t\t\t<div class=\"elementor-spacer\">\n\t\t\t<div class=\"elementor-spacer-inner\"><\/div>\n\t\t<\/div>\n\t\t\t\t\t\t<\/div>\n\t\t\t\t<\/div>\n\t\t\t\t<div class=\"elementor-element elementor-element-9ccf324 elementor-widget elementor-widget-heading\" data-id=\"9ccf324\" data-element_type=\"widget\" data-e-type=\"widget\" data-widget_type=\"heading.default\">\n\t\t\t\t<div class=\"elementor-widget-container\">\n\t\t\t\t\t<h2 class=\"elementor-heading-title elementor-size-default\">LA LIBERT\u00c9 DU CHOIX<\/h2>\t\t\t\t<\/div>\n\t\t\t\t<\/div>\n\t\t\t\t<div class=\"elementor-element elementor-element-c4f0d19 elementor-widget elementor-widget-heading\" data-id=\"c4f0d19\" data-element_type=\"widget\" data-e-type=\"widget\" data-widget_type=\"heading.default\">\n\t\t\t\t<div class=\"elementor-widget-container\">\n\t\t\t\t\t<h5 class=\"elementor-heading-title elementor-size-default\">UTILISER LE MEILLEUR DE CHAQUE TECHNOLOGIE<\/h5>\t\t\t\t<\/div>\n\t\t\t\t<\/div>\n\t\t\t\t\t<\/div>\n\t\t\t\t<\/div>\n\t\t<div class=\"elementor-element elementor-element-5bef2bc e-grid e-con-boxed e-con e-parent\" data-id=\"5bef2bc\" data-element_type=\"container\" data-e-type=\"container\">\n\t\t\t\t\t<div class=\"e-con-inner\">\n\t\t\t\t<div class=\"elementor-element elementor-element-fea5089 elementor-view-default elementor-position-block-start elementor-mobile-position-block-start elementor-widget elementor-widget-icon-box\" data-id=\"fea5089\" data-element_type=\"widget\" data-e-type=\"widget\" data-widget_type=\"icon-box.default\">\n\t\t\t\t<div class=\"elementor-widget-container\">\n\t\t\t\t\t\t\t<div class=\"elementor-icon-box-wrapper\">\n\n\t\t\t\t\t\t<div class=\"elementor-icon-box-icon\">\n\t\t\t\t<span  class=\"elementor-icon\">\n\t\t\t\t<svg aria-hidden=\"true\" class=\"e-font-icon-svg e-fas-atom\" viewBox=\"0 0 448 512\" xmlns=\"http:\/\/www.w3.org\/2000\/svg\"><path d=\"M223.99908,224a32,32,0,1,0,32.00782,32A32.06431,32.06431,0,0,0,223.99908,224Zm214.172-96c-10.877-19.5-40.50979-50.75-116.27544-41.875C300.39168,34.875,267.63386,0,223.99908,0s-76.39066,34.875-97.89653,86.125C50.3369,77.375,20.706,108.5,9.82907,128-6.54984,157.375-5.17484,201.125,34.958,256-5.17484,310.875-6.54984,354.625,9.82907,384c29.13087,52.375,101.64652,43.625,116.27348,41.875C147.60842,477.125,180.36429,512,223.99908,512s76.3926-34.875,97.89652-86.125c14.62891,1.75,87.14456,10.5,116.27544-41.875C454.55,354.625,453.175,310.875,413.04017,256,453.175,201.125,454.55,157.375,438.171,128ZM63.33886,352c-4-7.25-.125-24.75,15.00391-48.25,6.87695,6.5,14.12891,12.875,21.88087,19.125,1.625,13.75,4,27.125,6.75,40.125C82.34472,363.875,67.09081,358.625,63.33886,352Zm36.88478-162.875c-7.752,6.25-15.00392,12.625-21.88087,19.125-15.12891-23.5-19.00392-41-15.00391-48.25,3.377-6.125,16.37891-11.5,37.88478-11.5,1.75,0,3.875.375,5.75.375C104.09864,162.25,101.84864,175.625,100.22364,189.125ZM223.99908,64c9.50195,0,22.25586,13.5,33.88282,37.25-11.252,3.75-22.50391,8-33.88282,12.875-11.377-4.875-22.62892-9.125-33.88283-12.875C201.74516,77.5,214.49712,64,223.99908,64Zm0,384c-9.502,0-22.25392-13.5-33.88283-37.25,11.25391-3.75,22.50587-8,33.88283-12.875C235.378,402.75,246.62994,407,257.8819,410.75,246.25494,434.5,233.501,448,223.99908,448Zm0-112a80,80,0,1,1,80-80A80.00023,80.00023,0,0,1,223.99908,336ZM384.6593,352c-3.625,6.625-19.00392,11.875-43.63479,11,2.752-13,5.127-26.375,6.752-40.125,7.75195-6.25,15.00391-12.625,21.87891-19.125C384.7843,327.25,388.6593,344.75,384.6593,352ZM369.65538,208.25c-6.875-6.5-14.127-12.875-21.87891-19.125-1.625-13.5-3.875-26.875-6.752-40.25,1.875,0,4.002-.375,5.752-.375,21.50391,0,34.50782,5.375,37.88283,11.5C388.6593,167.25,384.7843,184.75,369.65538,208.25Z\"><\/path><\/svg>\t\t\t\t<\/span>\n\t\t\t<\/div>\n\t\t\t\n\t\t\t\t\t\t<div class=\"elementor-icon-box-content\">\n\n\t\t\t\t\t\t\t\t\t<h3 class=\"elementor-icon-box-title\">\n\t\t\t\t\t\t<span  >\n\t\t\t\t\t\t\tMulti-Hyperviseur\t\t\t\t\t\t<\/span>\n\t\t\t\t\t<\/h3>\n\t\t\t\t\n\t\t\t\t\t\t\t\t\t<p class=\"elementor-icon-box-description\">\n\t\t\t\t\t\tChoisissez l\u2019hyperviseur que vous souhaitez parmi les plus populaires du march\u00e9 ou tournez-vous vers AHV, l\u2019hyperviseur embarqu\u00e9 Nutanix \u00e0 tr\u00e8s haute performance et sans surco\u00fbt de licence.\t\t\t\t\t<\/p>\n\t\t\t\t\n\t\t\t<\/div>\n\t\t\t\n\t\t<\/div>\n\t\t\t\t\t\t<\/div>\n\t\t\t\t<\/div>\n\t\t\t\t<div class=\"elementor-element elementor-element-b326bc0 elementor-view-default elementor-position-block-start elementor-mobile-position-block-start elementor-widget elementor-widget-icon-box\" data-id=\"b326bc0\" data-element_type=\"widget\" data-e-type=\"widget\" data-widget_type=\"icon-box.default\">\n\t\t\t\t<div class=\"elementor-widget-container\">\n\t\t\t\t\t\t\t<div class=\"elementor-icon-box-wrapper\">\n\n\t\t\t\t\t\t<div class=\"elementor-icon-box-icon\">\n\t\t\t\t<span  class=\"elementor-icon\">\n\t\t\t\t<svg aria-hidden=\"true\" class=\"e-font-icon-svg e-fas-cloud\" viewBox=\"0 0 640 512\" xmlns=\"http:\/\/www.w3.org\/2000\/svg\"><path d=\"M537.6 226.6c4.1-10.7 6.4-22.4 6.4-34.6 0-53-43-96-96-96-19.7 0-38.1 6-53.3 16.2C367 64.2 315.3 32 256 32c-88.4 0-160 71.6-160 160 0 2.7.1 5.4.2 8.1C40.2 219.8 0 273.2 0 336c0 79.5 64.5 144 144 144h368c70.7 0 128-57.3 128-128 0-61.9-44-113.6-102.4-125.4z\"><\/path><\/svg>\t\t\t\t<\/span>\n\t\t\t<\/div>\n\t\t\t\n\t\t\t\t\t\t<div class=\"elementor-icon-box-content\">\n\n\t\t\t\t\t\t\t\t\t<h3 class=\"elementor-icon-box-title\">\n\t\t\t\t\t\t<span  >\n\t\t\t\t\t\t\tMulti-Cloud\t\t\t\t\t\t<\/span>\n\t\t\t\t\t<\/h3>\n\t\t\t\t\n\t\t\t\t\t\t\t\t\t<p class=\"elementor-icon-box-description\">\n\t\t\t\t\t\tLa fusion du Cloud priv\u00e9 et du Cloud public pour construire votre Cloud hybride. D\u00e9ployez la puissance de Nutanix et simplifiez le management de votre infrastructure\t\t\t\t\t<\/p>\n\t\t\t\t\n\t\t\t<\/div>\n\t\t\t\n\t\t<\/div>\n\t\t\t\t\t\t<\/div>\n\t\t\t\t<\/div>\n\t\t\t\t<div class=\"elementor-element elementor-element-dd57c63 elementor-view-default elementor-position-block-start elementor-mobile-position-block-start elementor-widget elementor-widget-icon-box\" data-id=\"dd57c63\" data-element_type=\"widget\" data-e-type=\"widget\" data-widget_type=\"icon-box.default\">\n\t\t\t\t<div class=\"elementor-widget-container\">\n\t\t\t\t\t\t\t<div class=\"elementor-icon-box-wrapper\">\n\n\t\t\t\t\t\t<div class=\"elementor-icon-box-icon\">\n\t\t\t\t<span  class=\"elementor-icon\">\n\t\t\t\t<svg aria-hidden=\"true\" class=\"e-font-icon-svg e-fas-hdd\" viewBox=\"0 0 576 512\" xmlns=\"http:\/\/www.w3.org\/2000\/svg\"><path d=\"M576 304v96c0 26.51-21.49 48-48 48H48c-26.51 0-48-21.49-48-48v-96c0-26.51 21.49-48 48-48h480c26.51 0 48 21.49 48 48zm-48-80a79.557 79.557 0 0 1 30.777 6.165L462.25 85.374A48.003 48.003 0 0 0 422.311 64H153.689a48 48 0 0 0-39.938 21.374L17.223 230.165A79.557 79.557 0 0 1 48 224h480zm-48 96c-17.673 0-32 14.327-32 32s14.327 32 32 32 32-14.327 32-32-14.327-32-32-32zm-96 0c-17.673 0-32 14.327-32 32s14.327 32 32 32 32-14.327 32-32-14.327-32-32-32z\"><\/path><\/svg>\t\t\t\t<\/span>\n\t\t\t<\/div>\n\t\t\t\n\t\t\t\t\t\t<div class=\"elementor-icon-box-content\">\n\n\t\t\t\t\t\t\t\t\t<h3 class=\"elementor-icon-box-title\">\n\t\t\t\t\t\t<span  >\n\t\t\t\t\t\t\tMulti-Plateforme\t\t\t\t\t\t<\/span>\n\t\t\t\t\t<\/h3>\n\t\t\t\t\n\t\t\t\t\t\t\t\t\t<p class=\"elementor-icon-box-description\">\n\t\t\t\t\t\tNutanix fonctionne sur une grande vari\u00e9t\u00e9 de serveurs. Vous construisez votre propre exp\u00e9rience en choisissant les serveurs que vous souhaitez d\u00e9ployer !\t\t\t\t\t<\/p>\n\t\t\t\t\n\t\t\t<\/div>\n\t\t\t\n\t\t<\/div>\n\t\t\t\t\t\t<\/div>\n\t\t\t\t<\/div>\n\t\t\t\t\t<\/div>\n\t\t\t\t<\/div>\n\t\t<div class=\"elementor-element elementor-element-f31ae39 e-grid e-con-boxed e-con e-parent\" data-id=\"f31ae39\" data-element_type=\"container\" data-e-type=\"container\">\n\t\t\t\t\t<div class=\"e-con-inner\">\n\t\t\t\t<div class=\"elementor-element elementor-element-b8fa89c elementor-widget elementor-widget-image\" data-id=\"b8fa89c\" data-element_type=\"widget\" data-e-type=\"widget\" data-widget_type=\"image.default\">\n\t\t\t\t<div class=\"elementor-widget-container\">\n\t\t\t\t\t\t\t\t\t\t\t\t\t\t\t<img decoding=\"async\" width=\"695\" height=\"495\" src=\"https:\/\/www.scalesi.fr\/wp-content\/uploads\/2018\/05\/prism-main.jpg\" class=\"attachment-large size-large wp-image-6205\" alt=\"\" srcset=\"https:\/\/www.scalesi.fr\/wp-content\/uploads\/2018\/05\/prism-main.jpg 695w, https:\/\/www.scalesi.fr\/wp-content\/uploads\/2018\/05\/prism-main-300x214.jpg 300w\" sizes=\"(max-width: 695px) 100vw, 695px\" \/>\t\t\t\t\t\t\t\t\t\t\t\t\t\t\t<\/div>\n\t\t\t\t<\/div>\n\t\t<div class=\"elementor-element elementor-element-47df716 e-con-full e-flex e-con e-child\" data-id=\"47df716\" data-element_type=\"container\" data-e-type=\"container\">\n\t\t\t\t<div class=\"elementor-element elementor-element-57adebc elementor-widget elementor-widget-heading\" data-id=\"57adebc\" data-element_type=\"widget\" data-e-type=\"widget\" data-widget_type=\"heading.default\">\n\t\t\t\t<div class=\"elementor-widget-container\">\n\t\t\t\t\t<h3 class=\"elementor-heading-title elementor-size-default\">SIMPLIFIEZ VOTRE IT AVEC SCALESI<\/h3>\t\t\t\t<\/div>\n\t\t\t\t<\/div>\n\t\t\t\t<div class=\"elementor-element elementor-element-607f955 elementor-widget elementor-widget-text-editor\" data-id=\"607f955\" data-element_type=\"widget\" data-e-type=\"widget\" data-widget_type=\"text-editor.default\">\n\t\t\t\t<div class=\"elementor-widget-container\">\n\t\t\t\t\t\t\t\t\t<p>Les \u00e9quipes IT peuvent d\u00e9sormais se concentrer sur les projets m\u00e9tiers et non plus sur la gestion de l\u2019infrastructure. Un gain de temps pour la croissance de votre entreprise !<\/p>\t\t\t\t\t\t\t\t<\/div>\n\t\t\t\t<\/div>\n\t\t\t\t<div class=\"elementor-element elementor-element-08cb49b elementor-align-center elementor-widget elementor-widget-elementskit-button\" data-id=\"08cb49b\" data-element_type=\"widget\" data-e-type=\"widget\" data-widget_type=\"elementskit-button.default\">\n\t\t\t\t<div class=\"elementor-widget-container\">\n\t\t\t\t\t<div class=\"ekit-wid-con\" >\t\t<div class=\"ekit-btn-wraper\">\n\t\t\t\t\t\t\t<a href=\"https:\/\/www.scalesi.fr\/index.php\/contact\/\" class=\"elementskit-btn  whitespace--normal\" id=\"\">\n\t\t\t\t\tOrganisez une pr\u00e9sentation\t\t\t\t<\/a>\n\t\t\t\t\t<\/div>\n        <\/div>\t\t\t\t<\/div>\n\t\t\t\t<\/div>\n\t\t\t\t<\/div>\n\t\t\t\t\t<\/div>\n\t\t\t\t<\/div>\n\t\t<div class=\"elementor-element elementor-element-202ab81 e-flex e-con-boxed e-con e-parent\" data-id=\"202ab81\" data-element_type=\"container\" data-e-type=\"container\">\n\t\t\t\t\t<div class=\"e-con-inner\">\n\t\t\t\t<div class=\"elementor-element elementor-element-fb21cd2 elementor-widget elementor-widget-spacer\" data-id=\"fb21cd2\" data-element_type=\"widget\" data-e-type=\"widget\" data-widget_type=\"spacer.default\">\n\t\t\t\t<div class=\"elementor-widget-container\">\n\t\t\t\t\t\t\t<div class=\"elementor-spacer\">\n\t\t\t<div class=\"elementor-spacer-inner\"><\/div>\n\t\t<\/div>\n\t\t\t\t\t\t<\/div>\n\t\t\t\t<\/div>\n\t\t\t\t\t<\/div>\n\t\t\t\t<\/div>\n\t\t\t\t<\/div>\n\t\t","protected":false},"excerpt":{"rendered":"<p>D\u00c9PLOYEZ VOTRE CLOUD D&rsquo;ENTREPRISE AVEC Nutanix est le leader des syst\u00e8mes hyperconverg\u00e9s. L\u2019offre a \u00e9t\u00e9 con\u00e7ue en s\u2019inspirant des technologies et architectures informatiques des g\u00e9ants du web (Google, Facebook, Amazon etc.) et permet de r\u00e9duire le TCO de votre syst\u00e8me d\u2019information. L\u2019infrastructure hyperconverg\u00e9e int\u00e8gre nativement les ressources de calcul et de stockage au sein d\u2019un [&hellip;]<\/p>\n","protected":false},"author":7,"featured_media":0,"parent":0,"menu_order":0,"comment_status":"closed","ping_status":"closed","template":"","meta":{"footnotes":""},"class_list":["post-8258","page","type-page","status-publish","hentry"],"_links":{"self":[{"href":"https:\/\/www.scalesi.fr\/index.php\/wp-json\/wp\/v2\/pages\/8258","targetHints":{"allow":["GET"]}}],"collection":[{"href":"https:\/\/www.scalesi.fr\/index.php\/wp-json\/wp\/v2\/pages"}],"about":[{"href":"https:\/\/www.scalesi.fr\/index.php\/wp-json\/wp\/v2\/types\/page"}],"author":[{"embeddable":true,"href":"https:\/\/www.scalesi.fr\/index.php\/wp-json\/wp\/v2\/users\/7"}],"replies":[{"embeddable":true,"href":"https:\/\/www.scalesi.fr\/index.php\/wp-json\/wp\/v2\/comments?post=8258"}],"version-history":[{"count":5,"href":"https:\/\/www.scalesi.fr\/index.php\/wp-json\/wp\/v2\/pages\/8258\/revisions"}],"predecessor-version":[{"id":9300,"href":"https:\/\/www.scalesi.fr\/index.php\/wp-json\/wp\/v2\/pages\/8258\/revisions\/9300"}],"wp:attachment":[{"href":"https:\/\/www.scalesi.fr\/index.php\/wp-json\/wp\/v2\/media?parent=8258"}],"curies":[{"name":"wp","href":"https:\/\/api.w.org\/{rel}","templated":true}]}}