{"id":8175,"date":"2025-06-03T15:36:35","date_gmt":"2025-06-03T14:36:35","guid":{"rendered":"https:\/\/www.scalesi.fr\/?page_id=8175"},"modified":"2025-10-10T09:43:58","modified_gmt":"2025-10-10T08:43:58","slug":"marianne","status":"publish","type":"page","link":"https:\/\/www.scalesi.fr\/index.php\/marianne\/","title":{"rendered":"MarIAnne"},"content":{"rendered":"\t\t<div data-elementor-type=\"wp-page\" data-elementor-id=\"8175\" class=\"elementor elementor-8175\">\n\t\t\t\t<div class=\"elementor-element elementor-element-1b19b42 e-flex e-con-boxed e-con e-parent\" data-id=\"1b19b42\" data-element_type=\"container\" data-e-type=\"container\">\n\t\t\t\t\t<div class=\"e-con-inner\">\n\t\t\t\t<div class=\"elementor-element elementor-element-1a972dc elementor-widget elementor-widget-image\" data-id=\"1a972dc\" data-element_type=\"widget\" data-e-type=\"widget\" data-widget_type=\"image.default\">\n\t\t\t\t<div class=\"elementor-widget-container\">\n\t\t\t\t\t\t\t\t\t\t\t\t\t\t\t<img decoding=\"async\" width=\"300\" height=\"148\" src=\"https:\/\/www.scalesi.fr\/wp-content\/uploads\/2025\/06\/Logo-300x148.png\" class=\"attachment-medium size-medium wp-image-8174\" alt=\"\" srcset=\"https:\/\/www.scalesi.fr\/wp-content\/uploads\/2025\/06\/Logo-300x148.png 300w, https:\/\/www.scalesi.fr\/wp-content\/uploads\/2025\/06\/Logo-1024x505.png 1024w, https:\/\/www.scalesi.fr\/wp-content\/uploads\/2025\/06\/Logo-768x379.png 768w, https:\/\/www.scalesi.fr\/wp-content\/uploads\/2025\/06\/Logo-1536x758.png 1536w, https:\/\/www.scalesi.fr\/wp-content\/uploads\/2025\/06\/Logo-2048x1011.png 2048w\" sizes=\"(max-width: 300px) 100vw, 300px\" \/>\t\t\t\t\t\t\t\t\t\t\t\t\t\t\t<\/div>\n\t\t\t\t<\/div>\n\t\t\t\t\t<\/div>\n\t\t\t\t<\/div>\n\t\t<div class=\"elementor-element elementor-element-089d162 e-flex e-con-boxed e-con e-parent\" data-id=\"089d162\" data-element_type=\"container\" data-e-type=\"container\">\n\t\t\t\t\t<div class=\"e-con-inner\">\n\t\t<div class=\"elementor-element elementor-element-08474d7 e-con-full e-flex e-con e-child\" data-id=\"08474d7\" data-element_type=\"container\" data-e-type=\"container\">\n\t\t<div class=\"elementor-element elementor-element-1c9f484 e-con-full e-flex e-con e-child\" data-id=\"1c9f484\" data-element_type=\"container\" data-e-type=\"container\">\n\t\t\t\t<div class=\"elementor-element elementor-element-51382e7 elementor-absolute elementor-widget elementor-widget-image\" data-id=\"51382e7\" data-element_type=\"widget\" data-e-type=\"widget\" data-settings=\"{&quot;_position&quot;:&quot;absolute&quot;}\" data-widget_type=\"image.default\">\n\t\t\t\t<div class=\"elementor-widget-container\">\n\t\t\t\t\t\t\t\t\t\t\t\t\t\t\t<img fetchpriority=\"high\" decoding=\"async\" width=\"683\" height=\"1024\" src=\"https:\/\/www.scalesi.fr\/wp-content\/uploads\/2025\/06\/MarIAnne-Mairie-683x1024.png\" class=\"attachment-large size-large wp-image-8126\" alt=\"\" srcset=\"https:\/\/www.scalesi.fr\/wp-content\/uploads\/2025\/06\/MarIAnne-Mairie-683x1024.png 683w, https:\/\/www.scalesi.fr\/wp-content\/uploads\/2025\/06\/MarIAnne-Mairie-200x300.png 200w, https:\/\/www.scalesi.fr\/wp-content\/uploads\/2025\/06\/MarIAnne-Mairie-768x1152.png 768w, https:\/\/www.scalesi.fr\/wp-content\/uploads\/2025\/06\/elementor\/thumbs\/MarIAnne-Mairie-r6r6ggwxdj55uq8rirx3k5zsfo0zwkbo3cdtndi4yu.png 15w, https:\/\/www.scalesi.fr\/wp-content\/uploads\/2025\/06\/MarIAnne-Mairie.png 1024w\" sizes=\"(max-width: 683px) 100vw, 683px\" \/>\t\t\t\t\t\t\t\t\t\t\t\t\t\t\t<\/div>\n\t\t\t\t<\/div>\n\t\t\t\t<\/div>\n\t\t<div class=\"elementor-element elementor-element-5644a9c e-con-full e-flex e-con e-child\" data-id=\"5644a9c\" data-element_type=\"container\" data-e-type=\"container\">\n\t\t\t\t<div class=\"elementor-element elementor-element-450c9b1 elementor-widget elementor-widget-heading\" data-id=\"450c9b1\" data-element_type=\"widget\" data-e-type=\"widget\" data-widget_type=\"heading.default\">\n\t\t\t\t<div class=\"elementor-widget-container\">\n\t\t\t\t\t<h2 class=\"elementor-heading-title elementor-size-default\">\u00c0 L\u2019\u00c9COUTE DES CITOYENS<\/h2>\t\t\t\t<\/div>\n\t\t\t\t<\/div>\n\t\t\t\t<div class=\"elementor-element elementor-element-1710da2 elementor-widget elementor-widget-text-editor\" data-id=\"1710da2\" data-element_type=\"widget\" data-e-type=\"widget\" data-widget_type=\"text-editor.default\">\n\t\t\t\t<div class=\"elementor-widget-container\">\n\t\t\t\t\t\t\t\t\t<p><b><i>Est-il possible de moderniser les services publics et d\u2019am\u00e9liorer la proximit\u00e9 avec les citoyens, malgr\u00e9 les contraintes budg\u00e9taires ?<\/i><\/b> SCALESI le prouve en lan\u00e7ant MarIAnne, un agent virtuel intelligent, d\u00e9di\u00e9 aux mairies et collectivit\u00e9s locales.<\/p><p>Disponible 24h\/24, MarIAnne r\u00e9volutionne la relation entre les citoyens et leur mairie, gr\u00e2ce \u00e0\u00a0l\u2019intelligence artificielle. Une solution <b>made in France<\/b> et <b>abordable <\/b>pour les collectivit\u00e9s !<\/p><p>Gr\u00e2ce \u00e0 l&rsquo;intelligence artificielle, MarIAnne r\u00e9pond aux demandes des administr\u00e9s en temps r\u00e9el et <b>24\/7<\/b>, tout en <b>all\u00e9geant la charge de travail des agents municipaux<\/b>. Elle s\u2019<b>int\u00e8gre facilement<\/b> aux outils existants et facilite la relation avec les citoyens. L\u2019outil est fourni cl\u00e9s en<br \/>main, avec accompagnement, maintenance et h\u00e9bergement inclus.<\/p><p>Cet agent conversationnel peut <b>r\u00e9pondre de fa\u00e7on automatis\u00e9e<\/b> aux questions les plus fr\u00e9quentes et orienter les citoyens selon leurs besoins (\u00e9tat civil, urbanisme, logement, etc.).<\/p><p>MarIAnne g\u00e8re les <b>prises de rendez-vous<\/b> avec synchronisation des agendas (Google Calendar, Outlook&#8230;). L\u2019interaction se fait de fa\u00e7on <b>vocale et \u00e9crite<\/b>, via le <b>web<\/b>, le <b>smartphone<\/b>, les <b>r\u00e9seaux sociaux<\/b> (WhatsApp, Messenger, Instagram&#8230;), ou m\u00eame le t\u00e9l\u00e9phone. Son int\u00e9gration est sans limite !<\/p>\t\t\t\t\t\t\t\t<\/div>\n\t\t\t\t<\/div>\n\t\t\t\t<\/div>\n\t\t\t\t<\/div>\n\t\t\t\t\t<\/div>\n\t\t\t\t<\/div>\n\t\t<div class=\"elementor-element elementor-element-577e605 e-flex e-con-boxed e-con e-parent\" data-id=\"577e605\" data-element_type=\"container\" data-e-type=\"container\">\n\t\t\t\t\t<div class=\"e-con-inner\">\n\t\t<div class=\"elementor-element elementor-element-6b2bf48 e-con-full e-flex e-con e-child\" data-id=\"6b2bf48\" data-element_type=\"container\" data-e-type=\"container\">\n\t\t<div class=\"elementor-element elementor-element-572d651 e-con-full e-flex e-con e-child\" data-id=\"572d651\" data-element_type=\"container\" data-e-type=\"container\">\n\t\t\t\t<div class=\"elementor-element elementor-element-2eda103 elementor-button-info elementor-align-center elementor-widget elementor-widget-button\" data-id=\"2eda103\" data-element_type=\"widget\" data-e-type=\"widget\" data-widget_type=\"button.default\">\n\t\t\t\t<div class=\"elementor-widget-container\">\n\t\t\t\t\t\t\t\t\t<div class=\"elementor-button-wrapper\">\n\t\t\t\t\t<a class=\"elementor-button elementor-button-link elementor-size-sm\" href=\"https:\/\/www.scalesi.fr\/wp-content\/uploads\/2025\/10\/CV-MarIAnne-1.pdf\">\n\t\t\t\t\t\t<span class=\"elementor-button-content-wrapper\">\n\t\t\t\t\t\t<span class=\"elementor-button-icon\">\n\t\t\t\t<svg aria-hidden=\"true\" class=\"e-font-icon-svg e-far-file-pdf\" viewBox=\"0 0 384 512\" xmlns=\"http:\/\/www.w3.org\/2000\/svg\"><path d=\"M369.9 97.9L286 14C277 5 264.8-.1 252.1-.1H48C21.5 0 0 21.5 0 48v416c0 26.5 21.5 48 48 48h288c26.5 0 48-21.5 48-48V131.9c0-12.7-5.1-25-14.1-34zM332.1 128H256V51.9l76.1 76.1zM48 464V48h160v104c0 13.3 10.7 24 24 24h104v288H48zm250.2-143.7c-12.2-12-47-8.7-64.4-6.5-17.2-10.5-28.7-25-36.8-46.3 3.9-16.1 10.1-40.6 5.4-56-4.2-26.2-37.8-23.6-42.6-5.9-4.4 16.1-.4 38.5 7 67.1-10 23.9-24.9 56-35.4 74.4-20 10.3-47 26.2-51 46.2-3.3 15.8 26 55.2 76.1-31.2 22.4-7.4 46.8-16.5 68.4-20.1 18.9 10.2 41 17 55.8 17 25.5 0 28-28.2 17.5-38.7zm-198.1 77.8c5.1-13.7 24.5-29.5 30.4-35-19 30.3-30.4 35.7-30.4 35zm81.6-190.6c7.4 0 6.7 32.1 1.8 40.8-4.4-13.9-4.3-40.8-1.8-40.8zm-24.4 136.6c9.7-16.9 18-37 24.7-54.7 8.3 15.1 18.9 27.2 30.1 35.5-20.8 4.3-38.9 13.1-54.8 19.2zm131.6-5s-5 6-37.3-7.8c35.1-2.6 40.9 5.4 37.3 7.8z\"><\/path><\/svg>\t\t\t<\/span>\n\t\t\t\t\t\t\t\t\t<span class=\"elementor-button-text\">T\u00e9l\u00e9chargez mon CV<\/span>\n\t\t\t\t\t<\/span>\n\t\t\t\t\t<\/a>\n\t\t\t\t<\/div>\n\t\t\t\t\t\t\t\t<\/div>\n\t\t\t\t<\/div>\n\t\t\t\t<\/div>\n\t\t\t\t<\/div>\n\t\t\t\t\t<\/div>\n\t\t\t\t<\/div>\n\t\t<div class=\"elementor-element elementor-element-45a584d e-flex e-con-boxed e-con e-parent\" data-id=\"45a584d\" data-element_type=\"container\" data-e-type=\"container\">\n\t\t\t\t\t<div class=\"e-con-inner\">\n\t\t<div class=\"elementor-element elementor-element-6e4de5d e-con-full e-flex e-con e-child\" data-id=\"6e4de5d\" data-element_type=\"container\" data-e-type=\"container\">\n\t\t\t\t<div class=\"elementor-element elementor-element-ff23eec elementor-widget elementor-widget-heading\" data-id=\"ff23eec\" data-element_type=\"widget\" data-e-type=\"widget\" data-widget_type=\"heading.default\">\n\t\t\t\t<div class=\"elementor-widget-container\">\n\t\t\t\t\t<h3 class=\"elementor-heading-title elementor-size-default\">Nouvelle technologie, nouveau visage pour les services publics.<\/h3>\t\t\t\t<\/div>\n\t\t\t\t<\/div>\n\t\t\t\t<div class=\"elementor-element elementor-element-9d7552e elementor-widget elementor-widget-text-editor\" data-id=\"9d7552e\" data-element_type=\"widget\" data-e-type=\"widget\" data-widget_type=\"text-editor.default\">\n\t\t\t\t<div class=\"elementor-widget-container\">\n\t\t\t\t\t\t\t\t\t<p data-start=\"323\" data-end=\"696\">MarIAnne, h\u00f4tesse d\u2019accueil num\u00e9rique, red\u00e9finit l\u2019exp\u00e9rience citoyenne dans les mairies. Disponibilit\u00e9 24\/7, automatisation des d\u00e9marches, soulagement des \u00e9quipes municipales : d\u00e9couvrez dans ce dossier de presse comment l\u2019IA s\u2019invite dans les collectivit\u00e9s locales pour fa\u00e7onner la mairie de demain.<\/p><p><em><strong>Un contenu exclusif pour les journalistes, \u00e9lus, communicants publics et passionn\u00e9s de transition num\u00e9rique<\/strong><\/em><\/p>\t\t\t\t\t\t\t\t<\/div>\n\t\t\t\t<\/div>\n\t\t\t\t<\/div>\n\t\t\t\t\t<\/div>\n\t\t\t\t<\/div>\n\t\t<div class=\"elementor-element elementor-element-31ae0d5 e-flex e-con-boxed e-con e-parent\" data-id=\"31ae0d5\" data-element_type=\"container\" data-e-type=\"container\">\n\t\t\t\t\t<div class=\"e-con-inner\">\n\t\t<div class=\"elementor-element elementor-element-502f514 e-con-full e-flex e-con e-child\" data-id=\"502f514\" data-element_type=\"container\" data-e-type=\"container\">\n\t\t\t\t<div class=\"elementor-element elementor-element-254a3a1 elementor-align-center elementor-widget elementor-widget-elementskit-button\" data-id=\"254a3a1\" data-element_type=\"widget\" data-e-type=\"widget\" data-widget_type=\"elementskit-button.default\">\n\t\t\t\t<div class=\"elementor-widget-container\">\n\t\t\t\t\t<div class=\"ekit-wid-con\" >\t\t<div class=\"ekit-btn-wraper\">\n\t\t\t\t\t\t\t<a href=\"https:\/\/www.scalesi.fr\/wp-content\/uploads\/2025\/05\/Dossier-Presse-MarIAnne.pdf\" class=\"elementskit-btn  whitespace--normal\" id=\"\">\n\t\t\t\t\t<svg class=\"e-font-icon-svg e-far-file-pdf\" viewBox=\"0 0 384 512\" xmlns=\"http:\/\/www.w3.org\/2000\/svg\"><path d=\"M369.9 97.9L286 14C277 5 264.8-.1 252.1-.1H48C21.5 0 0 21.5 0 48v416c0 26.5 21.5 48 48 48h288c26.5 0 48-21.5 48-48V131.9c0-12.7-5.1-25-14.1-34zM332.1 128H256V51.9l76.1 76.1zM48 464V48h160v104c0 13.3 10.7 24 24 24h104v288H48zm250.2-143.7c-12.2-12-47-8.7-64.4-6.5-17.2-10.5-28.7-25-36.8-46.3 3.9-16.1 10.1-40.6 5.4-56-4.2-26.2-37.8-23.6-42.6-5.9-4.4 16.1-.4 38.5 7 67.1-10 23.9-24.9 56-35.4 74.4-20 10.3-47 26.2-51 46.2-3.3 15.8 26 55.2 76.1-31.2 22.4-7.4 46.8-16.5 68.4-20.1 18.9 10.2 41 17 55.8 17 25.5 0 28-28.2 17.5-38.7zm-198.1 77.8c5.1-13.7 24.5-29.5 30.4-35-19 30.3-30.4 35.7-30.4 35zm81.6-190.6c7.4 0 6.7 32.1 1.8 40.8-4.4-13.9-4.3-40.8-1.8-40.8zm-24.4 136.6c9.7-16.9 18-37 24.7-54.7 8.3 15.1 18.9 27.2 30.1 35.5-20.8 4.3-38.9 13.1-54.8 19.2zm131.6-5s-5 6-37.3-7.8c35.1-2.6 40.9 5.4 37.3 7.8z\"><\/path><\/svg>Dossier de presse\t\t\t\t<\/a>\n\t\t\t\t\t<\/div>\n        <\/div>\t\t\t\t<\/div>\n\t\t\t\t<\/div>\n\t\t\t\t<\/div>\n\t\t\t\t\t<\/div>\n\t\t\t\t<\/div>\n\t\t\t\t<\/div>\n\t\t","protected":false},"excerpt":{"rendered":"<p>\u00c0 L\u2019\u00c9COUTE DES CITOYENS Est-il possible de moderniser les services publics et d\u2019am\u00e9liorer la proximit\u00e9 avec les citoyens, malgr\u00e9 les contraintes budg\u00e9taires ? SCALESI le prouve en lan\u00e7ant MarIAnne, un agent virtuel intelligent, d\u00e9di\u00e9 aux mairies et collectivit\u00e9s locales. Disponible 24h\/24, MarIAnne r\u00e9volutionne la relation entre les citoyens et leur mairie, gr\u00e2ce \u00e0\u00a0l\u2019intelligence artificielle. Une [&hellip;]<\/p>\n","protected":false},"author":6,"featured_media":0,"parent":0,"menu_order":0,"comment_status":"closed","ping_status":"closed","template":"","meta":{"footnotes":""},"class_list":["post-8175","page","type-page","status-publish","hentry"],"_links":{"self":[{"href":"https:\/\/www.scalesi.fr\/index.php\/wp-json\/wp\/v2\/pages\/8175","targetHints":{"allow":["GET"]}}],"collection":[{"href":"https:\/\/www.scalesi.fr\/index.php\/wp-json\/wp\/v2\/pages"}],"about":[{"href":"https:\/\/www.scalesi.fr\/index.php\/wp-json\/wp\/v2\/types\/page"}],"author":[{"embeddable":true,"href":"https:\/\/www.scalesi.fr\/index.php\/wp-json\/wp\/v2\/users\/6"}],"replies":[{"embeddable":true,"href":"https:\/\/www.scalesi.fr\/index.php\/wp-json\/wp\/v2\/comments?post=8175"}],"version-history":[{"count":5,"href":"https:\/\/www.scalesi.fr\/index.php\/wp-json\/wp\/v2\/pages\/8175\/revisions"}],"predecessor-version":[{"id":9512,"href":"https:\/\/www.scalesi.fr\/index.php\/wp-json\/wp\/v2\/pages\/8175\/revisions\/9512"}],"wp:attachment":[{"href":"https:\/\/www.scalesi.fr\/index.php\/wp-json\/wp\/v2\/media?parent=8175"}],"curies":[{"name":"wp","href":"https:\/\/api.w.org\/{rel}","templated":true}]}}