{"id":7979,"date":"2025-05-30T23:18:59","date_gmt":"2025-05-30T22:18:59","guid":{"rendered":"https:\/\/www.scalesi.fr\/?page_id=7979"},"modified":"2025-06-13T13:22:56","modified_gmt":"2025-06-13T12:22:56","slug":"telephonie-internet-communication","status":"publish","type":"page","link":"https:\/\/www.scalesi.fr\/index.php\/telephonie-internet-communication\/","title":{"rendered":"T\u00c9L\u00c9PHONIE \/ INTERNET \/ COMMUNICATION"},"content":{"rendered":"\t\t<div data-elementor-type=\"wp-page\" data-elementor-id=\"7979\" class=\"elementor elementor-7979\">\n\t\t\t\t<div class=\"elementor-element elementor-element-7671410 e-flex e-con-boxed e-con e-parent\" data-id=\"7671410\" data-element_type=\"container\" data-e-type=\"container\">\n\t\t\t\t\t<div class=\"e-con-inner\">\n\t\t\t\t<div class=\"elementor-element elementor-element-fffacc9 elementor-widget elementor-widget-heading\" data-id=\"fffacc9\" data-element_type=\"widget\" data-e-type=\"widget\" data-widget_type=\"heading.default\">\n\t\t\t\t<div class=\"elementor-widget-container\">\n\t\t\t\t\t<h2 class=\"elementor-heading-title elementor-size-default\">T\u00c9L\u00c9PHONIE\/ INTERNET\/ COMMUNICATION<\/h2>\t\t\t\t<\/div>\n\t\t\t\t<\/div>\n\t\t\t\t\t<\/div>\n\t\t\t\t<\/div>\n\t\t<div class=\"elementor-element elementor-element-8a4382e e-flex e-con-boxed e-con e-parent\" data-id=\"8a4382e\" data-element_type=\"container\" data-e-type=\"container\">\n\t\t\t\t\t<div class=\"e-con-inner\">\n\t\t\t\t<div class=\"elementor-element elementor-element-246dd9f elementor-widget elementor-widget-text-editor\" data-id=\"246dd9f\" data-element_type=\"widget\" data-e-type=\"widget\" data-widget_type=\"text-editor.default\">\n\t\t\t\t<div class=\"elementor-widget-container\">\n\t\t\t\t\t\t\t\t\t<p>D\u00e9couvrez un monde de connectivit\u00e9 et de communication avec nos solutions innovantes adapt\u00e9es \u00e0 tous vos besoins. Que vous soyez une entreprise \u00e0 la recherche de services de t\u00e9l\u00e9phonie VoIP performants, un particulier d\u00e9sireux de b\u00e9n\u00e9ficier d&rsquo;une connexion Internet ultra-rapide gr\u00e2ce \u00e0 la fibre optique FTTH, ou encore une organisation souhaitant optimiser sa gestion des communications avec des outils de collaboration avanc\u00e9s, nous avons la solution qu&rsquo;il vous faut. Notre gamme compl\u00e8te de services, allant de la t\u00e9l\u00e9phonie fixe et mobile aux technologies de r\u00e9seau comme le MPLS et le SD-WAN, vous garantit une exp\u00e9rience fluide et s\u00e9curis\u00e9e.<\/p>\t\t\t\t\t\t\t\t<\/div>\n\t\t\t\t<\/div>\n\t\t\t\t<div class=\"elementor-element elementor-element-a28bd98 elementor-widget elementor-widget-heading\" data-id=\"a28bd98\" data-element_type=\"widget\" data-e-type=\"widget\" data-widget_type=\"heading.default\">\n\t\t\t\t<div class=\"elementor-widget-container\">\n\t\t\t\t\t<h5 class=\"elementor-heading-title elementor-size-default\">REJOIGNEZ-NOUS POUR TRANSFORMER VOTRE MANIERE DE COMMUNIQUER ET DE VOUS CONNECTER AU MONDE !<\/h5>\t\t\t\t<\/div>\n\t\t\t\t<\/div>\n\t\t\t\t\t<\/div>\n\t\t\t\t<\/div>\n\t\t<div class=\"elementor-element elementor-element-7f8af5e e-flex e-con-boxed e-con e-parent\" data-id=\"7f8af5e\" data-element_type=\"container\" data-e-type=\"container\">\n\t\t\t\t\t<div class=\"e-con-inner\">\n\t\t\t\t<div class=\"elementor-element elementor-element-c84f5f6 elementor-widget elementor-widget-spacer\" data-id=\"c84f5f6\" data-element_type=\"widget\" data-e-type=\"widget\" data-widget_type=\"spacer.default\">\n\t\t\t\t<div class=\"elementor-widget-container\">\n\t\t\t\t\t\t\t<div class=\"elementor-spacer\">\n\t\t\t<div class=\"elementor-spacer-inner\"><\/div>\n\t\t<\/div>\n\t\t\t\t\t\t<\/div>\n\t\t\t\t<\/div>\n\t\t\t\t\t<\/div>\n\t\t\t\t<\/div>\n\t\t<div class=\"elementor-element elementor-element-521e7f7 e-flex e-con-boxed e-con e-parent\" data-id=\"521e7f7\" data-element_type=\"container\" data-e-type=\"container\">\n\t\t\t\t\t<div class=\"e-con-inner\">\n\t\t<div class=\"elementor-element elementor-element-8a023d6 e-con-full e-flex e-con e-child\" data-id=\"8a023d6\" data-element_type=\"container\" data-e-type=\"container\">\n\t\t\t\t<div class=\"elementor-element elementor-element-7328ad1 elementor-widget elementor-widget-image\" data-id=\"7328ad1\" data-element_type=\"widget\" data-e-type=\"widget\" data-widget_type=\"image.default\">\n\t\t\t\t<div class=\"elementor-widget-container\">\n\t\t\t\t\t\t\t\t\t\t\t\t\t\t\t<img fetchpriority=\"high\" decoding=\"async\" width=\"1024\" height=\"1024\" src=\"https:\/\/www.scalesi.fr\/wp-content\/uploads\/2025\/06\/Futuristic-realistic-scene-representing-telephony-featuring-a-sleek-modern-smartphone-a-VoIP-serve.jpeg\" class=\"elementor-animation-grow attachment-large size-large wp-image-8864\" alt=\"\" srcset=\"https:\/\/www.scalesi.fr\/wp-content\/uploads\/2025\/06\/Futuristic-realistic-scene-representing-telephony-featuring-a-sleek-modern-smartphone-a-VoIP-serve.jpeg 1024w, https:\/\/www.scalesi.fr\/wp-content\/uploads\/2025\/06\/Futuristic-realistic-scene-representing-telephony-featuring-a-sleek-modern-smartphone-a-VoIP-serve-300x300.jpeg 300w, https:\/\/www.scalesi.fr\/wp-content\/uploads\/2025\/06\/Futuristic-realistic-scene-representing-telephony-featuring-a-sleek-modern-smartphone-a-VoIP-serve-150x150.jpeg 150w, https:\/\/www.scalesi.fr\/wp-content\/uploads\/2025\/06\/Futuristic-realistic-scene-representing-telephony-featuring-a-sleek-modern-smartphone-a-VoIP-serve-768x768.jpeg 768w, https:\/\/www.scalesi.fr\/wp-content\/uploads\/2025\/06\/Futuristic-realistic-scene-representing-telephony-featuring-a-sleek-modern-smartphone-a-VoIP-serve-600x600.jpeg 600w\" sizes=\"(max-width: 1024px) 100vw, 1024px\" \/>\t\t\t\t\t\t\t\t\t\t\t\t\t\t\t<\/div>\n\t\t\t\t<\/div>\n\t\t\t\t<\/div>\n\t\t<div class=\"elementor-element elementor-element-a3a2b8f e-con-full e-flex e-con e-child\" data-id=\"a3a2b8f\" data-element_type=\"container\" data-e-type=\"container\">\n\t\t\t\t<div class=\"elementor-element elementor-element-c531285 elementor-widget elementor-widget-heading\" data-id=\"c531285\" data-element_type=\"widget\" data-e-type=\"widget\" data-widget_type=\"heading.default\">\n\t\t\t\t<div class=\"elementor-widget-container\">\n\t\t\t\t\t<h2 class=\"elementor-heading-title elementor-size-default\">T\u00c9L\u00c9PHONIE<\/h2>\t\t\t\t<\/div>\n\t\t\t\t<\/div>\n\t\t\t\t<div class=\"elementor-element elementor-element-8c1077f elementor-widget elementor-widget-text-editor\" data-id=\"8c1077f\" data-element_type=\"widget\" data-e-type=\"widget\" data-widget_type=\"text-editor.default\">\n\t\t\t\t<div class=\"elementor-widget-container\">\n\t\t\t\t\t\t\t\t\t<ul><li><strong>volP <\/strong>: services de t\u00e9l\u00e9phonie utilisant internet pour passer des appels<\/li><li><strong>T\u00e9l\u00e9phonie mobile <\/strong>: services de communication via des r\u00e9seaux mobiles (2G, 3G, 4G, 5G)<\/li><li><strong>T\u00e9l\u00e9phone fixe <\/strong>: services de communication via des lignes t\u00e9l\u00e9phoniques traditionnelles<\/li><li><strong>SIP Trunking <\/strong>: service permettant de connecter un syst\u00e8me t\u00e9l\u00e9phonique \u00e0 internet via le protocole SIP<\/li><\/ul>\t\t\t\t\t\t\t\t<\/div>\n\t\t\t\t<\/div>\n\t\t\t\t<\/div>\n\t\t\t\t\t<\/div>\n\t\t\t\t<\/div>\n\t\t<div class=\"elementor-element elementor-element-6c0bd85 e-flex e-con-boxed e-con e-parent\" data-id=\"6c0bd85\" data-element_type=\"container\" data-e-type=\"container\">\n\t\t\t\t\t<div class=\"e-con-inner\">\n\t\t\t\t<div class=\"elementor-element elementor-element-646297a elementor-widget elementor-widget-spacer\" data-id=\"646297a\" data-element_type=\"widget\" data-e-type=\"widget\" data-widget_type=\"spacer.default\">\n\t\t\t\t<div class=\"elementor-widget-container\">\n\t\t\t\t\t\t\t<div class=\"elementor-spacer\">\n\t\t\t<div class=\"elementor-spacer-inner\"><\/div>\n\t\t<\/div>\n\t\t\t\t\t\t<\/div>\n\t\t\t\t<\/div>\n\t\t\t\t\t<\/div>\n\t\t\t\t<\/div>\n\t\t<div class=\"elementor-element elementor-element-e10dd5f e-flex e-con-boxed e-con e-parent\" data-id=\"e10dd5f\" data-element_type=\"container\" data-e-type=\"container\">\n\t\t\t\t\t<div class=\"e-con-inner\">\n\t\t<div class=\"elementor-element elementor-element-2b9711a e-con-full e-flex e-con e-child\" data-id=\"2b9711a\" data-element_type=\"container\" data-e-type=\"container\">\n\t\t\t\t<div class=\"elementor-element elementor-element-0af4fd1 elementor-widget elementor-widget-image\" data-id=\"0af4fd1\" data-element_type=\"widget\" data-e-type=\"widget\" data-widget_type=\"image.default\">\n\t\t\t\t<div class=\"elementor-widget-container\">\n\t\t\t\t\t\t\t\t\t\t\t\t\t\t\t<img decoding=\"async\" width=\"1024\" height=\"1024\" src=\"https:\/\/www.scalesi.fr\/wp-content\/uploads\/2025\/06\/A-futuristic-and-realistic-scene-representing-Wi-Fi-connectivity.-The-environment-is-filled-with-glo.jpeg\" class=\"elementor-animation-grow attachment-large size-large wp-image-8867\" alt=\"\" srcset=\"https:\/\/www.scalesi.fr\/wp-content\/uploads\/2025\/06\/A-futuristic-and-realistic-scene-representing-Wi-Fi-connectivity.-The-environment-is-filled-with-glo.jpeg 1024w, https:\/\/www.scalesi.fr\/wp-content\/uploads\/2025\/06\/A-futuristic-and-realistic-scene-representing-Wi-Fi-connectivity.-The-environment-is-filled-with-glo-300x300.jpeg 300w, https:\/\/www.scalesi.fr\/wp-content\/uploads\/2025\/06\/A-futuristic-and-realistic-scene-representing-Wi-Fi-connectivity.-The-environment-is-filled-with-glo-150x150.jpeg 150w, https:\/\/www.scalesi.fr\/wp-content\/uploads\/2025\/06\/A-futuristic-and-realistic-scene-representing-Wi-Fi-connectivity.-The-environment-is-filled-with-glo-768x768.jpeg 768w, https:\/\/www.scalesi.fr\/wp-content\/uploads\/2025\/06\/A-futuristic-and-realistic-scene-representing-Wi-Fi-connectivity.-The-environment-is-filled-with-glo-600x600.jpeg 600w\" sizes=\"(max-width: 1024px) 100vw, 1024px\" \/>\t\t\t\t\t\t\t\t\t\t\t\t\t\t\t<\/div>\n\t\t\t\t<\/div>\n\t\t\t\t<\/div>\n\t\t<div class=\"elementor-element elementor-element-9058e42 e-con-full e-flex e-con e-child\" data-id=\"9058e42\" data-element_type=\"container\" data-e-type=\"container\">\n\t\t\t\t<div class=\"elementor-element elementor-element-d693c4e elementor-widget elementor-widget-heading\" data-id=\"d693c4e\" data-element_type=\"widget\" data-e-type=\"widget\" data-widget_type=\"heading.default\">\n\t\t\t\t<div class=\"elementor-widget-container\">\n\t\t\t\t\t<h2 class=\"elementor-heading-title elementor-size-default\">INTERNET ET CONNECTIVIT\u00c9<\/h2>\t\t\t\t<\/div>\n\t\t\t\t<\/div>\n\t\t\t\t<div class=\"elementor-element elementor-element-3b50173 elementor-widget elementor-widget-text-editor\" data-id=\"3b50173\" data-element_type=\"widget\" data-e-type=\"widget\" data-widget_type=\"text-editor.default\">\n\t\t\t\t<div class=\"elementor-widget-container\">\n\t\t\t\t\t\t\t\t\t<ul><li><strong>FTTH \/ FTTO<\/strong> : connexion internet \u00e0 tr\u00e8s haut d\u00e9bit via la fibre optique directement jusqu&rsquo;\u00e0 l&rsquo;abonn\u00e9<\/li><li><strong>Fibres<\/strong> : solutions de connectivit\u00e9 utilisant des c\u00e2bles en fibres optiques pour des d\u00e9bits \u00e9l\u00e9v\u00e9s<\/li><li><strong>ADSL<\/strong> : technologie de connexion internet haut d\u00e9bit via des lignes t\u00e9l\u00e9phonique en cuivre <\/li><li><strong>VDSL<\/strong> : variante de l&rsquo; ADSL offrant des d\u00e9bits plus \u00e9lev\u00e9s<\/li><\/ul>\t\t\t\t\t\t\t\t<\/div>\n\t\t\t\t<\/div>\n\t\t\t\t<\/div>\n\t\t\t\t\t<\/div>\n\t\t\t\t<\/div>\n\t\t<div class=\"elementor-element elementor-element-3f7fcd0 e-flex e-con-boxed e-con e-parent\" data-id=\"3f7fcd0\" data-element_type=\"container\" data-e-type=\"container\">\n\t\t\t\t\t<div class=\"e-con-inner\">\n\t\t\t\t<div class=\"elementor-element elementor-element-9392b8f elementor-widget elementor-widget-spacer\" data-id=\"9392b8f\" data-element_type=\"widget\" data-e-type=\"widget\" data-widget_type=\"spacer.default\">\n\t\t\t\t<div class=\"elementor-widget-container\">\n\t\t\t\t\t\t\t<div class=\"elementor-spacer\">\n\t\t\t<div class=\"elementor-spacer-inner\"><\/div>\n\t\t<\/div>\n\t\t\t\t\t\t<\/div>\n\t\t\t\t<\/div>\n\t\t\t\t\t<\/div>\n\t\t\t\t<\/div>\n\t\t<div class=\"elementor-element elementor-element-196fe67 e-flex e-con-boxed e-con e-parent\" data-id=\"196fe67\" data-element_type=\"container\" data-e-type=\"container\">\n\t\t\t\t\t<div class=\"e-con-inner\">\n\t\t<div class=\"elementor-element elementor-element-b462b23 e-con-full e-flex e-con e-child\" data-id=\"b462b23\" data-element_type=\"container\" data-e-type=\"container\">\n\t\t\t\t<div class=\"elementor-element elementor-element-ee0e9eb elementor-widget elementor-widget-image\" data-id=\"ee0e9eb\" data-element_type=\"widget\" data-e-type=\"widget\" data-widget_type=\"image.default\">\n\t\t\t\t<div class=\"elementor-widget-container\">\n\t\t\t\t\t\t\t\t\t\t\t\t\t\t\t<img decoding=\"async\" width=\"1024\" height=\"1024\" src=\"https:\/\/www.scalesi.fr\/wp-content\/uploads\/2025\/06\/Scene-futuriste-et-realiste-dans-un-univers-informatique-un-serveur-central-imposant-entoure-de-no.jpeg\" class=\"elementor-animation-grow attachment-large size-large wp-image-8868\" alt=\"\" srcset=\"https:\/\/www.scalesi.fr\/wp-content\/uploads\/2025\/06\/Scene-futuriste-et-realiste-dans-un-univers-informatique-un-serveur-central-imposant-entoure-de-no.jpeg 1024w, https:\/\/www.scalesi.fr\/wp-content\/uploads\/2025\/06\/Scene-futuriste-et-realiste-dans-un-univers-informatique-un-serveur-central-imposant-entoure-de-no-300x300.jpeg 300w, https:\/\/www.scalesi.fr\/wp-content\/uploads\/2025\/06\/Scene-futuriste-et-realiste-dans-un-univers-informatique-un-serveur-central-imposant-entoure-de-no-150x150.jpeg 150w, https:\/\/www.scalesi.fr\/wp-content\/uploads\/2025\/06\/Scene-futuriste-et-realiste-dans-un-univers-informatique-un-serveur-central-imposant-entoure-de-no-768x768.jpeg 768w, https:\/\/www.scalesi.fr\/wp-content\/uploads\/2025\/06\/Scene-futuriste-et-realiste-dans-un-univers-informatique-un-serveur-central-imposant-entoure-de-no-600x600.jpeg 600w\" sizes=\"(max-width: 1024px) 100vw, 1024px\" \/>\t\t\t\t\t\t\t\t\t\t\t\t\t\t\t<\/div>\n\t\t\t\t<\/div>\n\t\t\t\t<\/div>\n\t\t<div class=\"elementor-element elementor-element-cc84a74 e-con-full e-flex e-con e-child\" data-id=\"cc84a74\" data-element_type=\"container\" data-e-type=\"container\">\n\t\t\t\t<div class=\"elementor-element elementor-element-b9385d3 elementor-widget elementor-widget-heading\" data-id=\"b9385d3\" data-element_type=\"widget\" data-e-type=\"widget\" data-widget_type=\"heading.default\">\n\t\t\t\t<div class=\"elementor-widget-container\">\n\t\t\t\t\t<h2 class=\"elementor-heading-title elementor-size-default\">AUTRES TECHNOLOGIES<\/h2>\t\t\t\t<\/div>\n\t\t\t\t<\/div>\n\t\t\t\t<div class=\"elementor-element elementor-element-874e2c8 elementor-widget elementor-widget-text-editor\" data-id=\"874e2c8\" data-element_type=\"widget\" data-e-type=\"widget\" data-widget_type=\"text-editor.default\">\n\t\t\t\t<div class=\"elementor-widget-container\">\n\t\t\t\t\t\t\t\t\t<ul><li><strong>Wi-Fi<\/strong> : solutions de connectivit\u00e9 sans fil pour les foyers et les entreprises.<\/li><li><strong>MPLS<\/strong> : technologie de r\u00e9seau pour la gestion du trafic de donn\u00e9es.<\/li><li><strong>SD-WAN<\/strong> : solutions pour g\u00e9rer les r\u00e9seaux \u00e9tendus de mani\u00e8re plus flexible et efficace.<\/li><\/ul>\t\t\t\t\t\t\t\t<\/div>\n\t\t\t\t<\/div>\n\t\t\t\t<\/div>\n\t\t\t\t\t<\/div>\n\t\t\t\t<\/div>\n\t\t<div class=\"elementor-element elementor-element-29acdd7 e-flex e-con-boxed e-con e-parent\" data-id=\"29acdd7\" data-element_type=\"container\" data-e-type=\"container\">\n\t\t\t\t\t<div class=\"e-con-inner\">\n\t\t\t\t<div class=\"elementor-element elementor-element-0f90d65 elementor-widget elementor-widget-spacer\" data-id=\"0f90d65\" data-element_type=\"widget\" data-e-type=\"widget\" data-widget_type=\"spacer.default\">\n\t\t\t\t<div class=\"elementor-widget-container\">\n\t\t\t\t\t\t\t<div class=\"elementor-spacer\">\n\t\t\t<div class=\"elementor-spacer-inner\"><\/div>\n\t\t<\/div>\n\t\t\t\t\t\t<\/div>\n\t\t\t\t<\/div>\n\t\t\t\t\t<\/div>\n\t\t\t\t<\/div>\n\t\t\t\t<\/div>\n\t\t","protected":false},"excerpt":{"rendered":"<p>T\u00c9L\u00c9PHONIE\/ INTERNET\/ COMMUNICATION D\u00e9couvrez un monde de connectivit\u00e9 et de communication avec nos solutions innovantes adapt\u00e9es \u00e0 tous vos besoins. Que vous soyez une entreprise \u00e0 la recherche de services de t\u00e9l\u00e9phonie VoIP performants, un particulier d\u00e9sireux de b\u00e9n\u00e9ficier d&rsquo;une connexion Internet ultra-rapide gr\u00e2ce \u00e0 la fibre optique FTTH, ou encore une organisation souhaitant optimiser [&hellip;]<\/p>\n","protected":false},"author":7,"featured_media":0,"parent":0,"menu_order":0,"comment_status":"closed","ping_status":"closed","template":"elementor_header_footer","meta":{"footnotes":""},"class_list":["post-7979","page","type-page","status-publish","hentry"],"_links":{"self":[{"href":"https:\/\/www.scalesi.fr\/index.php\/wp-json\/wp\/v2\/pages\/7979","targetHints":{"allow":["GET"]}}],"collection":[{"href":"https:\/\/www.scalesi.fr\/index.php\/wp-json\/wp\/v2\/pages"}],"about":[{"href":"https:\/\/www.scalesi.fr\/index.php\/wp-json\/wp\/v2\/types\/page"}],"author":[{"embeddable":true,"href":"https:\/\/www.scalesi.fr\/index.php\/wp-json\/wp\/v2\/users\/7"}],"replies":[{"embeddable":true,"href":"https:\/\/www.scalesi.fr\/index.php\/wp-json\/wp\/v2\/comments?post=7979"}],"version-history":[{"count":5,"href":"https:\/\/www.scalesi.fr\/index.php\/wp-json\/wp\/v2\/pages\/7979\/revisions"}],"predecessor-version":[{"id":8978,"href":"https:\/\/www.scalesi.fr\/index.php\/wp-json\/wp\/v2\/pages\/7979\/revisions\/8978"}],"wp:attachment":[{"href":"https:\/\/www.scalesi.fr\/index.php\/wp-json\/wp\/v2\/media?parent=7979"}],"curies":[{"name":"wp","href":"https:\/\/api.w.org\/{rel}","templated":true}]}}