{"id":7896,"date":"2025-05-30T16:57:19","date_gmt":"2025-05-30T15:57:19","guid":{"rendered":"https:\/\/www.scalesi.fr\/?page_id=7896"},"modified":"2025-06-17T17:01:21","modified_gmt":"2025-06-17T16:01:21","slug":"hebergement","status":"publish","type":"page","link":"https:\/\/www.scalesi.fr\/index.php\/hebergement\/","title":{"rendered":"H\u00c9BERGEMENT"},"content":{"rendered":"\t\t<div data-elementor-type=\"wp-page\" data-elementor-id=\"7896\" class=\"elementor elementor-7896\">\n\t\t\t\t<div class=\"elementor-element elementor-element-a095457 e-flex e-con-boxed e-con e-parent\" data-id=\"a095457\" data-element_type=\"container\" data-e-type=\"container\">\n\t\t\t\t\t<div class=\"e-con-inner\">\n\t\t<div class=\"elementor-element elementor-element-4e27e7d e-con-full e-flex e-con e-child\" data-id=\"4e27e7d\" data-element_type=\"container\" data-e-type=\"container\">\n\t\t\t\t<div class=\"elementor-element elementor-element-145f093 elementor-widget elementor-widget-heading\" data-id=\"145f093\" data-element_type=\"widget\" data-e-type=\"widget\" data-widget_type=\"heading.default\">\n\t\t\t\t<div class=\"elementor-widget-container\">\n\t\t\t\t\t<h2 class=\"elementor-heading-title elementor-size-default\">OPTIMISEZ VOTRE PERFORMANCE AVEC NOTRE H\u00c9BERGEMENT DE SERVEUR EN DATA CENTER<\/h2>\t\t\t\t<\/div>\n\t\t\t\t<\/div>\n\t\t\t\t<div class=\"elementor-element elementor-element-466c19d elementor-widget elementor-widget-text-editor\" data-id=\"466c19d\" data-element_type=\"widget\" data-e-type=\"widget\" data-widget_type=\"text-editor.default\">\n\t\t\t\t<div class=\"elementor-widget-container\">\n\t\t\t\t\t\t\t\t\t<p>D\u00e9couvrez nos offres d&rsquo;h\u00e9bergement de serveurs en data center, con\u00e7ue pour r\u00e9pondre aux besoins des entreprises modernes. Profitez d&rsquo;une infrastructure de pointe, s\u00e9curis\u00e9e et redondante, garantissant une disponibilit\u00e9 maximale de vos services. Les data centers sont \u00e9quip\u00e9s des derni\u00e8res technologies pour assurer une performance optimale et une gestion efficace de vos donn\u00e9es.<\/p><p>Avec nos solutions d&rsquo;h\u00e9bergement, b\u00e9n\u00e9ficiez d&rsquo;un support technique 24\/7, d&rsquo;une scalabilit\u00e9 facile et d&rsquo;une flexibilit\u00e9 adapt\u00e9e \u00e0 votre croissance. Que vous soyez une petite entreprise ou une grande organisation, nous avons l&rsquo;offre qu&rsquo;il vous faut pour propulser votre activit\u00e9 vers de nouveaux sommets.<\/p>\t\t\t\t\t\t\t\t<\/div>\n\t\t\t\t<\/div>\n\t\t\t\t<\/div>\n\t\t\t\t\t<\/div>\n\t\t\t\t<\/div>\n\t\t<div class=\"elementor-element elementor-element-c8e845a e-flex e-con-boxed e-con e-parent\" data-id=\"c8e845a\" data-element_type=\"container\" data-e-type=\"container\">\n\t\t\t\t\t<div class=\"e-con-inner\">\n\t\t<div class=\"elementor-element elementor-element-06d2429 e-con-full e-flex e-con e-child\" data-id=\"06d2429\" data-element_type=\"container\" data-e-type=\"container\">\n\t\t\t\t<div class=\"elementor-element elementor-element-0dfa348 ekit-equal-height-disable elementor-widget elementor-widget-elementskit-image-box\" data-id=\"0dfa348\" data-element_type=\"widget\" data-e-type=\"widget\" data-widget_type=\"elementskit-image-box.default\">\n\t\t\t\t<div class=\"elementor-widget-container\">\n\t\t\t\t\t<div class=\"ekit-wid-con\" >\n            <div class=\"elementskit-info-image-box ekit-image-box text-center simple-card\" >\n\n                \n                <div class=\"elementskit-box-header image-box-img-center\">\n\n                    <img fetchpriority=\"high\" decoding=\"async\" width=\"700\" height=\"450\" src=\"https:\/\/www.scalesi.fr\/wp-content\/uploads\/2025\/06\/Vue-du-dessus-dun-data-center-futuriste-avec-plusieurs-rangees-de-serveurs-alignees-dans-une-ambia-700x450.jpeg\" class=\"attachment-Portfolio Thumbnail size-Portfolio Thumbnail wp-image-8335\" alt=\"\" \/>\n                <\/div>\n                \n                <div class=\"elementskit-box-body ekit-image-box-body\">\n                    <div class=\"elementskit-box-content ekit-image-box-body-inner\">\n                                                <h3 class=\"elementskit-info-box-title\">\n\n                        SERVEURS\n                        \n                    <\/h3>\n                                                            <div class=\"elementskit-box-style-content\">\n                        H\u00e9berger des serveurs physiques dans un datacenter en France assure s\u00e9curit\u00e9, performance, conformit\u00e9, support local et \u00e9volutivit\u00e9, tout en r\u00e9duisant les co\u00fbts et en renfor\u00e7ant la r\u00e9putation de l'entreprise.                    <\/div>\n                                    <\/div>\n\n                            <\/div>\n            <\/div>\n    <\/div>\t\t\t\t<\/div>\n\t\t\t\t<\/div>\n\t\t\t\t<\/div>\n\t\t<div class=\"elementor-element elementor-element-6be131c e-con-full e-flex e-con e-child\" data-id=\"6be131c\" data-element_type=\"container\" data-e-type=\"container\">\n\t\t\t\t<div class=\"elementor-element elementor-element-87942ad ekit-equal-height-disable elementor-widget elementor-widget-elementskit-image-box\" data-id=\"87942ad\" data-element_type=\"widget\" data-e-type=\"widget\" data-widget_type=\"elementskit-image-box.default\">\n\t\t\t\t<div class=\"elementor-widget-container\">\n\t\t\t\t\t<div class=\"ekit-wid-con\" >\n            <div class=\"elementskit-info-image-box ekit-image-box text-center simple-card\" >\n\n                \n                <div class=\"elementskit-box-header image-box-img-center\">\n\n                    <img decoding=\"async\" width=\"700\" height=\"450\" src=\"https:\/\/www.scalesi.fr\/wp-content\/uploads\/2025\/06\/Illustration-futuriste-dun-robot-humanoide-dans-un-centre-de-donnees-avec-des-lumieres-et-reflets--e1749632643646-700x450.jpeg\" class=\"attachment-Portfolio Thumbnail size-Portfolio Thumbnail wp-image-8303\" alt=\"\" \/>\n                <\/div>\n                \n                <div class=\"elementskit-box-body ekit-image-box-body\">\n                    <div class=\"elementskit-box-content ekit-image-box-body-inner\">\n                                                <h3 class=\"elementskit-info-box-title\">\n\n                        MACHINES VIRTUELLES\n                        \n                    <\/h3>\n                                                            <div class=\"elementskit-box-style-content\">\n                        H\u00e9berger des machines virtuelles dans un datacenter en France offre flexibilit\u00e9, s\u00e9curit\u00e9, connectivit\u00e9 rapide, conformit\u00e9, support r\u00e9actif, co\u00fbts ma\u00eetris\u00e9s et protection contre les cybermenaces.                    <\/div>\n                                    <\/div>\n\n                            <\/div>\n            <\/div>\n    <\/div>\t\t\t\t<\/div>\n\t\t\t\t<\/div>\n\t\t\t\t<\/div>\n\t\t\t\t\t<\/div>\n\t\t\t\t<\/div>\n\t\t<div class=\"elementor-element elementor-element-f1d5869 e-flex e-con-boxed e-con e-parent\" data-id=\"f1d5869\" data-element_type=\"container\" data-e-type=\"container\">\n\t\t\t\t\t<div class=\"e-con-inner\">\n\t\t<div class=\"elementor-element elementor-element-f1d40a4 e-con-full e-flex e-con e-child\" data-id=\"f1d40a4\" data-element_type=\"container\" data-e-type=\"container\">\n\t\t\t\t<div class=\"elementor-element elementor-element-907b27b ekit-equal-height-disable elementor-widget elementor-widget-elementskit-image-box\" data-id=\"907b27b\" data-element_type=\"widget\" data-e-type=\"widget\" data-widget_type=\"elementskit-image-box.default\">\n\t\t\t\t<div class=\"elementor-widget-container\">\n\t\t\t\t\t<div class=\"ekit-wid-con\" >\n            <div class=\"elementskit-info-image-box ekit-image-box text-center simple-card\" >\n\n                \n                <div class=\"elementskit-box-header image-box-img-center\">\n\n                    <img decoding=\"async\" width=\"700\" height=\"450\" src=\"https:\/\/www.scalesi.fr\/wp-content\/uploads\/2025\/06\/A-highly-realistic-and-futuristic-digital-cloud-floating-in-mid-air-surrounded-by-glowing-neon-icon-700x450.jpeg\" class=\"attachment-Portfolio Thumbnail size-Portfolio Thumbnail wp-image-8344\" alt=\"\" \/>\n                <\/div>\n                \n                <div class=\"elementskit-box-body ekit-image-box-body\">\n                    <div class=\"elementskit-box-content ekit-image-box-body-inner\">\n                                                <h3 class=\"elementskit-info-box-title\">\n\n                        SERVICES\n                        \n                    <\/h3>\n                                                            <div class=\"elementskit-box-style-content\">\n                        H\u00e9berger des services web dans un datacenter en France assure disponibilit\u00e9, latence r\u00e9duite, s\u00e9curit\u00e9 avanc\u00e9e, conformit\u00e9, support accessible, \u00e9volutivit\u00e9, co\u00fbts pr\u00e9visibles et r\u00e9silience face aux cybermenaces.                    <\/div>\n                                    <\/div>\n\n                            <\/div>\n            <\/div>\n    <\/div>\t\t\t\t<\/div>\n\t\t\t\t<\/div>\n\t\t\t\t<\/div>\n\t\t<div class=\"elementor-element elementor-element-99ded54 e-con-full e-flex e-con e-child\" data-id=\"99ded54\" data-element_type=\"container\" data-e-type=\"container\">\n\t\t\t\t<div class=\"elementor-element elementor-element-5e73043 ekit-equal-height-disable elementor-widget elementor-widget-elementskit-image-box\" data-id=\"5e73043\" data-element_type=\"widget\" data-e-type=\"widget\" data-widget_type=\"elementskit-image-box.default\">\n\t\t\t\t<div class=\"elementor-widget-container\">\n\t\t\t\t\t<div class=\"ekit-wid-con\" >\n            <div class=\"elementskit-info-image-box ekit-image-box text-center simple-card\" >\n\n                \n                <div class=\"elementskit-box-header image-box-img-center\">\n\n                    <img loading=\"lazy\" decoding=\"async\" width=\"700\" height=\"450\" src=\"https:\/\/www.scalesi.fr\/wp-content\/uploads\/2025\/06\/A-cute-futuristic-robot-head-with-large-expressive-eyes-glowing-softly-in-blue-pink-and-yellow-to-e1749137354373-700x450.jpeg\" class=\"attachment-Portfolio Thumbnail size-Portfolio Thumbnail wp-image-8305\" alt=\"\" \/>\n                <\/div>\n                \n                <div class=\"elementskit-box-body ekit-image-box-body\">\n                    <div class=\"elementskit-box-content ekit-image-box-body-inner\">\n                                                <h3 class=\"elementskit-info-box-title\">\n\n                        INTELIGENCES ARTIFICIELLES\n                        \n                    <\/h3>\n                                                            <div class=\"elementskit-box-style-content\">\n                        H\u00e9berger des solutions d'intelligence artificielle dans un datacenter en France offre une puissance de calcul \u00e9lev\u00e9e, une latence minimale, une s\u00e9curit\u00e9 renforc\u00e9e, une conformit\u00e9 r\u00e9glementaire, un support sp\u00e9cialis\u00e9, une \u00e9volutivit\u00e9 flexible, des co\u00fbts ma\u00eetris\u00e9s et une infrastructure durable.                    <\/div>\n                                    <\/div>\n\n                            <\/div>\n            <\/div>\n    <\/div>\t\t\t\t<\/div>\n\t\t\t\t<\/div>\n\t\t\t\t<\/div>\n\t\t\t\t\t<\/div>\n\t\t\t\t<\/div>\n\t\t<div class=\"elementor-element elementor-element-69cd426 e-flex e-con-boxed e-con e-parent\" data-id=\"69cd426\" data-element_type=\"container\" data-e-type=\"container\">\n\t\t\t\t\t<div class=\"e-con-inner\">\n\t\t\t\t<div class=\"elementor-element elementor-element-dd01a56 elementor-widget elementor-widget-spacer\" data-id=\"dd01a56\" data-element_type=\"widget\" data-e-type=\"widget\" data-widget_type=\"spacer.default\">\n\t\t\t\t<div class=\"elementor-widget-container\">\n\t\t\t\t\t\t\t<div class=\"elementor-spacer\">\n\t\t\t<div class=\"elementor-spacer-inner\"><\/div>\n\t\t<\/div>\n\t\t\t\t\t\t<\/div>\n\t\t\t\t<\/div>\n\t\t\t\t\t<\/div>\n\t\t\t\t<\/div>\n\t\t<div class=\"elementor-element elementor-element-c1d98cc e-flex e-con-boxed e-con e-parent\" data-id=\"c1d98cc\" data-element_type=\"container\" data-e-type=\"container\">\n\t\t\t\t\t<div class=\"e-con-inner\">\n\t\t<div class=\"elementor-element elementor-element-9b4781b e-con-full e-flex e-con e-child\" data-id=\"9b4781b\" data-element_type=\"container\" data-e-type=\"container\">\n\t\t\t\t<div class=\"elementor-element elementor-element-584ea84 elementor-widget elementor-widget-text-editor\" data-id=\"584ea84\" data-element_type=\"widget\" data-e-type=\"widget\" data-widget_type=\"text-editor.default\">\n\t\t\t\t<div class=\"elementor-widget-container\">\n\t\t\t\t\t\t\t\t\t<p>ISO 27001<\/p><p>HDS<\/p><p>PCA<\/p><p>PRA<\/p><p>Redondance<\/p>\t\t\t\t\t\t\t\t<\/div>\n\t\t\t\t<\/div>\n\t\t\t\t<\/div>\n\t\t<div class=\"elementor-element elementor-element-3f9f2c6 e-con-full e-flex e-con e-child\" data-id=\"3f9f2c6\" data-element_type=\"container\" data-e-type=\"container\">\n\t\t\t\t<div class=\"elementor-element elementor-element-a0f18d8 elementor-widget__width-initial elementor-widget elementor-widget-text-editor\" data-id=\"a0f18d8\" data-element_type=\"widget\" data-e-type=\"widget\" data-widget_type=\"text-editor.default\">\n\t\t\t\t<div class=\"elementor-widget-container\">\n\t\t\t\t\t\t\t\t\t<p>En France\u00a0 \u00a0\/\u00a0 \u00a0En r\u00e9gion Centre<\/p>\t\t\t\t\t\t\t\t<\/div>\n\t\t\t\t<\/div>\n\t\t\t\t<div class=\"elementor-element elementor-element-1a22c34 elementor-widget elementor-widget-google_maps\" data-id=\"1a22c34\" data-element_type=\"widget\" data-e-type=\"widget\" data-widget_type=\"google_maps.default\">\n\t\t\t\t<div class=\"elementor-widget-container\">\n\t\t\t\t\t\t\t<div class=\"elementor-custom-embed\">\n\t\t\t<iframe loading=\"lazy\"\n\t\t\t\t\tsrc=\"https:\/\/maps.google.com\/maps?q=r%C3%A9gion%20centre%2C%20francxe&#038;t=m&#038;z=6&#038;output=embed&#038;iwloc=near\"\n\t\t\t\t\ttitle=\"r\u00e9gion centre, francxe\"\n\t\t\t\t\taria-label=\"r\u00e9gion centre, francxe\"\n\t\t\t><\/iframe>\n\t\t<\/div>\n\t\t\t\t\t\t<\/div>\n\t\t\t\t<\/div>\n\t\t\t\t<\/div>\n\t\t\t\t\t<\/div>\n\t\t\t\t<\/div>\n\t\t<div class=\"elementor-element elementor-element-a67513f e-flex e-con-boxed e-con e-parent\" data-id=\"a67513f\" data-element_type=\"container\" data-e-type=\"container\">\n\t\t\t\t\t<div class=\"e-con-inner\">\n\t\t\t\t<div class=\"elementor-element elementor-element-f18d2cd elementor-widget elementor-widget-spacer\" data-id=\"f18d2cd\" data-element_type=\"widget\" data-e-type=\"widget\" data-widget_type=\"spacer.default\">\n\t\t\t\t<div class=\"elementor-widget-container\">\n\t\t\t\t\t\t\t<div class=\"elementor-spacer\">\n\t\t\t<div class=\"elementor-spacer-inner\"><\/div>\n\t\t<\/div>\n\t\t\t\t\t\t<\/div>\n\t\t\t\t<\/div>\n\t\t\t\t\t<\/div>\n\t\t\t\t<\/div>\n\t\t\t\t<\/div>\n\t\t","protected":false},"excerpt":{"rendered":"<p>OPTIMISEZ VOTRE PERFORMANCE AVEC NOTRE H\u00c9BERGEMENT DE SERVEUR EN DATA CENTER D\u00e9couvrez nos offres d&rsquo;h\u00e9bergement de serveurs en data center, con\u00e7ue pour r\u00e9pondre aux besoins des entreprises modernes. Profitez d&rsquo;une infrastructure de pointe, s\u00e9curis\u00e9e et redondante, garantissant une disponibilit\u00e9 maximale de vos services. Les data centers sont \u00e9quip\u00e9s des derni\u00e8res technologies pour assurer une performance [&hellip;]<\/p>\n","protected":false},"author":7,"featured_media":0,"parent":0,"menu_order":0,"comment_status":"closed","ping_status":"closed","template":"elementor_header_footer","meta":{"footnotes":""},"class_list":["post-7896","page","type-page","status-publish","hentry"],"_links":{"self":[{"href":"https:\/\/www.scalesi.fr\/index.php\/wp-json\/wp\/v2\/pages\/7896","targetHints":{"allow":["GET"]}}],"collection":[{"href":"https:\/\/www.scalesi.fr\/index.php\/wp-json\/wp\/v2\/pages"}],"about":[{"href":"https:\/\/www.scalesi.fr\/index.php\/wp-json\/wp\/v2\/types\/page"}],"author":[{"embeddable":true,"href":"https:\/\/www.scalesi.fr\/index.php\/wp-json\/wp\/v2\/users\/7"}],"replies":[{"embeddable":true,"href":"https:\/\/www.scalesi.fr\/index.php\/wp-json\/wp\/v2\/comments?post=7896"}],"version-history":[{"count":5,"href":"https:\/\/www.scalesi.fr\/index.php\/wp-json\/wp\/v2\/pages\/7896\/revisions"}],"predecessor-version":[{"id":9241,"href":"https:\/\/www.scalesi.fr\/index.php\/wp-json\/wp\/v2\/pages\/7896\/revisions\/9241"}],"wp:attachment":[{"href":"https:\/\/www.scalesi.fr\/index.php\/wp-json\/wp\/v2\/media?parent=7896"}],"curies":[{"name":"wp","href":"https:\/\/api.w.org\/{rel}","templated":true}]}}