{"id":7301,"date":"2025-02-18T16:56:33","date_gmt":"2025-02-18T15:56:33","guid":{"rendered":"https:\/\/www.scalesi.fr\/?page_id=7301"},"modified":"2025-02-21T17:59:33","modified_gmt":"2025-02-21T16:59:33","slug":"les-agents-virtuels","status":"publish","type":"page","link":"https:\/\/www.scalesi.fr\/index.php\/les-agents-virtuels\/","title":{"rendered":"Les agents virtuels"},"content":{"rendered":"<div id=\"pl-gb7301-69f770c98a5ff\"  class=\"panel-layout\" ><div id=\"pg-gb7301-69f770c98a5ff-0\"  class=\"panel-grid panel-no-style\" ><div id=\"pgc-gb7301-69f770c98a5ff-0-0\"  class=\"panel-grid-cell\" ><div id=\"panel-gb7301-69f770c98a5ff-0-0-0\" class=\"widget_text so-panel widget widget_custom_html panel-first-child panel-last-child\" data-index=\"0\" ><div class=\"textwidget custom-html-widget\"><style type=\"text\/css\">\n\t@font-face {\n    font-family: \"CAVOLINIBOLD\";\n    src: url(https:\/\/www.scalesi.fr\/wp-content\/uploads\/2025\/02\/CAVOLINIBOLD.TTF) format(\"truetype\");\n\t}\n<\/style><\/div><\/div><\/div><\/div><div id=\"pg-gb7301-69f770c98a5ff-1\"  class=\"panel-grid panel-no-style\" ><div id=\"pgc-gb7301-69f770c98a5ff-1-0\"  class=\"panel-grid-cell\" ><div id=\"panel-gb7301-69f770c98a5ff-1-0-0\" class=\"widget_text so-panel widget widget_custom_html panel-first-child panel-last-child\" data-index=\"1\" ><div class=\"textwidget custom-html-widget\"><img fetchpriority=\"high\" decoding=\"async\" width=\"100%\" height=\"100%\" src=\"https:\/\/www.scalesi.fr\/wp-content\/uploads\/2025\/02\/ai-bot-image-service-ai.jpeg\" class=\"image wp-image-7368  attachment-medium size-medium\" alt=\"\" style=\"max-width: 100%; height: auto;border-radius: 25px;\"><\/div><\/div><\/div><div id=\"pgc-gb7301-69f770c98a5ff-1-1\"  class=\"panel-grid-cell\" ><div id=\"panel-gb7301-69f770c98a5ff-1-1-0\" class=\"widget_text so-panel widget widget_custom_html panel-first-child panel-last-child\" data-index=\"2\" ><div class=\"textwidget custom-html-widget\"><h4 class=\"widget-title\" style=\"font-family: CAVOLINIBOLD;color:#4A70B6\">AGENTS VIRTUELS SCALESI : L\u2019IA AU SERVICE DE VOTRE ENTREPRISE<\/h4>\n<p>\n\tChez ScaleSI, nous repoussons les limites de l\u2019innovation en int\u00e9grant des solutions d\u2019intelligence artificielle au c\u0153ur de votre activit\u00e9.\n<\/p>\n<p>\n\tGr\u00e2ce \u00e0 nos agents virtuels intelligents, nous vous aidons \u00e0 optimiser vos processus, automatiser les interactions et am\u00e9liorer l\u2019exp\u00e9rience utilisateur.\n<\/p>\n<div style=\"display: flex; justify-content: center; align-items: center; width: 100%;margin-top:1.5cm;\">\n\t<a href=\"https:\/\/www.scalesi.fr\/index.php\/demonstration-bot-mairie\/\" style=\"text-decoration: none;\">\n    <button style=\"border-radius: 50px; color: white; background-color: #F37021; \n                       display: flex; justify-content: center; align-items: center; \n                       padding: 0px 100px; height: 2cm; width:100%; \n                       text-align: center;\">\n            <p style=\"margin: 0;font-size:24px\">VOIR D\u00c9MONSTRATION<\/p>\n\t\t<\/button>\n\t<\/a>\n<\/div><\/div><\/div><\/div><\/div><div id=\"pg-gb7301-69f770c98a5ff-2\"  class=\"panel-grid panel-no-style\" ><div id=\"pgc-gb7301-69f770c98a5ff-2-0\"  class=\"panel-grid-cell\" ><div id=\"panel-gb7301-69f770c98a5ff-2-0-0\" class=\"widget_text so-panel widget widget_custom_html panel-first-child panel-last-child\" data-index=\"3\" ><div class=\"textwidget custom-html-widget\"><h4 class=\"widget-title\" style=\"font-family: CAVOLINIBOLD;color:#4A70B6\">POURQUOI ADOPTER UN AGENT VIRTUEL ?<\/h4>\n<p><b>Automatisation des t\u00e2ches r\u00e9p\u00e9titives :<\/b> Gagnez du temps et am\u00e9liorez votre productivit\u00e9 en confiant les t\u00e2ches chronophages \u00e0 une IA efficace et r\u00e9active.<\/p>\n<p><b>Support client 24\/7 :<\/b> Offrez un accompagnement en continu \u00e0 vos clients gr\u00e2ce \u00e0 des assistants virtuels capables de r\u00e9pondre instantan\u00e9ment aux demandes les plus courantes.<\/p>\n<p><b>Optimisation des processus m\u00e9tiers :<\/b> Nos agents virtuels peuvent s\u2019int\u00e9grer \u00e0 vos outils existants (ERP, CRM, helpdesk\u2026) pour fluidifier la gestion de vos op\u00e9rations.<\/p>\n<p><b>Personnalisation et apprentissage :<\/b> Nos solutions sont \u00e9volutives et s\u2019adaptent aux sp\u00e9cificit\u00e9s de votre secteur d\u2019activit\u00e9 pour offrir des interactions toujours plus pertinentes.<\/p><\/div><\/div><\/div><div id=\"pgc-gb7301-69f770c98a5ff-2-1\"  class=\"panel-grid-cell\" ><div id=\"panel-gb7301-69f770c98a5ff-2-1-0\" class=\"widget_text so-panel widget widget_custom_html panel-first-child panel-last-child\" data-index=\"4\" ><div class=\"textwidget custom-html-widget\"><img fetchpriority=\"high\" decoding=\"async\" width=\"100%\" height=\"100%\" src=\"https:\/\/www.scalesi.fr\/wp-content\/uploads\/2025\/02\/Robot-relfechis.jpeg\" class=\"image wp-image-7368  attachment-medium size-medium\" alt=\"\" style=\"max-width: 100%; height: auto;border-radius: 25px;\"><\/div><\/div><\/div><\/div><div id=\"pg-gb7301-69f770c98a5ff-3\"  class=\"panel-grid panel-no-style\" ><div id=\"pgc-gb7301-69f770c98a5ff-3-0\"  class=\"panel-grid-cell\" ><div id=\"panel-gb7301-69f770c98a5ff-3-0-0\" class=\"widget_text so-panel widget widget_custom_html panel-first-child panel-last-child\" data-index=\"5\" ><div class=\"textwidget custom-html-widget\"><img fetchpriority=\"high\" decoding=\"async\" width=\"100%\" height=\"100%\" src=\"https:\/\/www.scalesi.fr\/wp-content\/uploads\/2025\/02\/Ai-Working.jpeg\" class=\"image wp-image-7368  attachment-medium size-medium\" alt=\"\" style=\"max-width: 100%; height: auto;border-radius: 25px;\"><\/div><\/div><\/div><div id=\"pgc-gb7301-69f770c98a5ff-3-1\"  class=\"panel-grid-cell\" ><div id=\"panel-gb7301-69f770c98a5ff-3-1-0\" class=\"widget_text so-panel widget widget_custom_html panel-first-child panel-last-child\" data-index=\"6\" ><div class=\"textwidget custom-html-widget\"><h4 class=\"widget-title\" style=\"font-family: CAVOLINIBOLD;color:#4A70B6\">DES APPLICATIONS SUR MESURE<\/h4>\n<p><b>Service client et helpdesk :<\/b> R\u00e9pondez aux demandes clients en toute autonomie et escaladez intelligemment les requ\u00eates complexes.<\/p>\n<p><b>Gestion des rendez-vous et des plannings :<\/b> Automatisez la prise de rendez-vous et l\u2019organisation des agendas.<\/p>\n<p><b>Supervision et maintenance proactive :<\/b> D\u00e9tectez les anomalies et anticipez les pannes sur votre infrastructure IT.<\/p>\n<p><b>Gestion des flux internes :<\/b> Am\u00e9liorez la communication et la coordination entre vos \u00e9quipes.<\/p>\n<p>Le champ des possibles n\u2019est limit\u00e9 que par votre imagination.<\/p><\/div><\/div><\/div><\/div><div id=\"pg-gb7301-69f770c98a5ff-4\"  class=\"panel-grid panel-no-style\" ><div id=\"pgc-gb7301-69f770c98a5ff-4-0\"  class=\"panel-grid-cell\" ><div id=\"panel-gb7301-69f770c98a5ff-4-0-0\" class=\"widget_text so-panel widget widget_custom_html panel-first-child panel-last-child\" data-index=\"7\" ><div class=\"textwidget custom-html-widget\"><h4 class=\"widget-title\" style=\"font-family: CAVOLINIBOLD;color:#4A70B6\">POURQUOI CHOISIR SCALESI ?<\/h4>\n<p><b>Expertise IA et infrastructure :<\/b> Nous combinons nos comp\u00e9tences en h\u00e9bergement, maintenance et intelligence artificielle pour vous proposer des solutions s\u00e9curis\u00e9es et performantes.<\/p>\n<p><b>Accompagnement personnalis\u00e9 :<\/b> De la conception au d\u00e9ploiement, nous vous guidons dans l\u2019int\u00e9gration de votre agent virtuel pour un r\u00e9sultat sur-mesure.<\/p>\n<p><b>Interconnexion avec votre \u00e9cosyst\u00e8me :<\/b> Nos solutions s\u2019adaptent \u00e0 votre environnement num\u00e9rique pour une transition fluide et efficace.<\/p><\/div><\/div><\/div><div id=\"pgc-gb7301-69f770c98a5ff-4-1\"  class=\"panel-grid-cell\" ><div id=\"panel-gb7301-69f770c98a5ff-4-1-0\" class=\"widget_text so-panel widget widget_custom_html panel-first-child panel-last-child\" data-index=\"8\" ><div class=\"textwidget custom-html-widget\"><img fetchpriority=\"high\" decoding=\"async\" width=\"100%\" height=\"100%\" src=\"https:\/\/www.scalesi.fr\/wp-content\/uploads\/2025\/02\/Marvin-.png\" class=\"image wp-image-7368  attachment-medium size-medium\" alt=\"\" style=\"max-width: 100%; height: auto;border-radius: 25px;\"><\/div><\/div><\/div><\/div><div id=\"pg-gb7301-69f770c98a5ff-5\"  class=\"panel-grid panel-no-style\" ><div id=\"pgc-gb7301-69f770c98a5ff-5-0\"  class=\"panel-grid-cell\" ><div id=\"panel-gb7301-69f770c98a5ff-5-0-0\" class=\"widget_text so-panel widget widget_custom_html panel-first-child panel-last-child\" data-index=\"9\" ><div class=\"textwidget custom-html-widget\"><h4 class=\"widget-title\" style=\"color:#4A70B6; text-align: center;\">TRANSFORMEZ VOTRE ENTREPRISE D\u00c8S AUJOURD\u2019HUI AVEC UN AGENT VIRTUEL SCALESI ! CONTACTEZ-NOUS POUR UNE D\u00c9MONSTRATION ET D\u00c9COUVREZ COMMENT L\u2019IA PEUT R\u00c9VOLUTIONNER VOTRE QUOTIDIEN.<\/h4><\/div><\/div><\/div><\/div><\/div>\n\n\n<p><\/p>\n\n\n\n<p><\/p>\n","protected":false},"excerpt":{"rendered":"","protected":false},"author":2,"featured_media":0,"parent":0,"menu_order":0,"comment_status":"closed","ping_status":"closed","template":"","meta":{"footnotes":""},"class_list":["post-7301","page","type-page","status-publish","hentry"],"_links":{"self":[{"href":"https:\/\/www.scalesi.fr\/index.php\/wp-json\/wp\/v2\/pages\/7301","targetHints":{"allow":["GET"]}}],"collection":[{"href":"https:\/\/www.scalesi.fr\/index.php\/wp-json\/wp\/v2\/pages"}],"about":[{"href":"https:\/\/www.scalesi.fr\/index.php\/wp-json\/wp\/v2\/types\/page"}],"author":[{"embeddable":true,"href":"https:\/\/www.scalesi.fr\/index.php\/wp-json\/wp\/v2\/users\/2"}],"replies":[{"embeddable":true,"href":"https:\/\/www.scalesi.fr\/index.php\/wp-json\/wp\/v2\/comments?post=7301"}],"version-history":[{"count":4,"href":"https:\/\/www.scalesi.fr\/index.php\/wp-json\/wp\/v2\/pages\/7301\/revisions"}],"predecessor-version":[{"id":7543,"href":"https:\/\/www.scalesi.fr\/index.php\/wp-json\/wp\/v2\/pages\/7301\/revisions\/7543"}],"wp:attachment":[{"href":"https:\/\/www.scalesi.fr\/index.php\/wp-json\/wp\/v2\/media?parent=7301"}],"curies":[{"name":"wp","href":"https:\/\/api.w.org\/{rel}","templated":true}]}}